{"id":103,"date":"2023-02-22T20:41:16","date_gmt":"2023-02-22T20:41:16","guid":{"rendered":"https:\/\/lunasworld.pl\/?page_id=103"},"modified":"2024-08-12T18:11:44","modified_gmt":"2024-08-12T18:11:44","slug":"dla-nabywcow","status":"publish","type":"page","link":"https:\/\/lunasworld.pl\/index.php\/dla-nabywcow\/","title":{"rendered":"Dla nabywc\u00f3w"},"content":{"rendered":"\t\t<div data-elementor-type=\"wp-page\" data-elementor-id=\"103\" class=\"elementor elementor-103\">\n\t\t\t\t\t\t<section class=\"elementor-section elementor-top-section elementor-element elementor-element-af34d96 elementor-section-boxed elementor-section-height-default elementor-section-height-default\" data-id=\"af34d96\" data-element_type=\"section\" data-e-type=\"section\">\n\t\t\t\t\t\t<div class=\"elementor-container elementor-column-gap-default\">\n\t\t\t\t\t<div class=\"elementor-column elementor-col-100 elementor-top-column elementor-element elementor-element-14c4944\" data-id=\"14c4944\" data-element_type=\"column\" data-e-type=\"column\">\n\t\t\t<div class=\"elementor-widget-wrap elementor-element-populated\">\n\t\t\t\t\t\t<div class=\"elementor-element elementor-element-eba9baa elementor-widget elementor-widget-image\" data-id=\"eba9baa\" data-element_type=\"widget\" data-e-type=\"widget\" data-widget_type=\"image.default\">\n\t\t\t\t<div class=\"elementor-widget-container\">\n\t\t\t\t\t\t\t\t\t\t\t\t\t\t\t<img fetchpriority=\"high\" decoding=\"async\" width=\"1024\" height=\"249\" src=\"https:\/\/lunasworld.pl\/wp-content\/uploads\/2023\/02\/gora3-1024x249.jpg\" class=\"attachment-large size-large wp-image-69\" alt=\"\" srcset=\"https:\/\/lunasworld.pl\/wp-content\/uploads\/2023\/02\/gora3-1024x249.jpg 1024w, https:\/\/lunasworld.pl\/wp-content\/uploads\/2023\/02\/gora3-300x73.jpg 300w, https:\/\/lunasworld.pl\/wp-content\/uploads\/2023\/02\/gora3-768x187.jpg 768w, https:\/\/lunasworld.pl\/wp-content\/uploads\/2023\/02\/gora3.jpg 1028w\" sizes=\"(max-width: 1024px) 100vw, 1024px\" \/>\t\t\t\t\t\t\t\t\t\t\t\t\t\t\t<\/div>\n\t\t\t\t<\/div>\n\t\t\t\t\t<\/div>\n\t\t<\/div>\n\t\t\t\t\t<\/div>\n\t\t<\/section>\n\t\t\t\t<section class=\"elementor-section elementor-top-section elementor-element elementor-element-802836b elementor-section-boxed elementor-section-height-default elementor-section-height-default\" data-id=\"802836b\" data-element_type=\"section\" data-e-type=\"section\">\n\t\t\t\t\t\t<div class=\"elementor-container elementor-column-gap-default\">\n\t\t\t\t\t<div class=\"elementor-column elementor-col-100 elementor-top-column elementor-element elementor-element-1876f09\" data-id=\"1876f09\" data-element_type=\"column\" data-e-type=\"column\">\n\t\t\t<div class=\"elementor-widget-wrap\">\n\t\t\t\t\t\t\t<\/div>\n\t\t<\/div>\n\t\t\t\t\t<\/div>\n\t\t<\/section>\n\t\t\t\t<section class=\"elementor-section elementor-top-section elementor-element elementor-element-e49da7f elementor-section-boxed elementor-section-height-default elementor-section-height-default\" data-id=\"e49da7f\" data-element_type=\"section\" data-e-type=\"section\">\n\t\t\t\t\t\t<div class=\"elementor-container elementor-column-gap-default\">\n\t\t\t\t\t<div class=\"elementor-column elementor-col-100 elementor-top-column elementor-element elementor-element-0ade73d\" data-id=\"0ade73d\" data-element_type=\"column\" data-e-type=\"column\">\n\t\t\t<div class=\"elementor-widget-wrap elementor-element-populated\">\n\t\t\t\t\t\t<div class=\"elementor-element elementor-element-1068d1f elementor-widget elementor-widget-text-editor\" data-id=\"1068d1f\" data-element_type=\"widget\" data-e-type=\"widget\" data-widget_type=\"text-editor.default\">\n\t\t\t\t<div class=\"elementor-widget-container\">\n\t\t\t\t\t\t\t\t\t<p>\u00a0<\/p><p><em><strong>Dla nabywc\u00f3w<\/strong><strong><br \/><\/strong><\/em><\/p>\t\t\t\t\t\t\t\t<\/div>\n\t\t\t\t<\/div>\n\t\t\t\t\t<\/div>\n\t\t<\/div>\n\t\t\t\t\t<\/div>\n\t\t<\/section>\n\t\t\t\t<section class=\"elementor-section elementor-top-section elementor-element elementor-element-ca82eeb elementor-section-boxed elementor-section-height-default elementor-section-height-default\" data-id=\"ca82eeb\" data-element_type=\"section\" data-e-type=\"section\">\n\t\t\t\t\t\t<div class=\"elementor-container elementor-column-gap-default\">\n\t\t\t\t\t<div class=\"elementor-column elementor-col-100 elementor-top-column elementor-element elementor-element-3aa5a6e\" data-id=\"3aa5a6e\" data-element_type=\"column\" data-e-type=\"column\">\n\t\t\t<div class=\"elementor-widget-wrap elementor-element-populated\">\n\t\t\t\t\t\t<div class=\"elementor-element elementor-element-97c84cc elementor-widget elementor-widget-text-editor\" data-id=\"97c84cc\" data-element_type=\"widget\" data-e-type=\"widget\" data-widget_type=\"text-editor.default\">\n\t\t\t\t<div class=\"elementor-widget-container\">\n\t\t\t\t\t\t\t\t\t<p><em>&#8211;<\/em><strong><em> Doros\u0142e koty w hodowli s\u0105 przebadane pod kontem FELV (bia\u0142aczka kocia), FIV (nabyty niedob\u00f3r immunologiczy) ,&nbsp; HCM (kardiomiopatia przerostowa), PKD (wielotorbielowato\u015b\u0107 nerek) i CMS (wrodzony zesp\u00f3\u0142 miasteniczny).<\/em><\/strong><\/p>\n<p><strong><em>&#8211; NIE SPRZEDAJEMY KOTK\u00d3W BEZ RODOWOD\u00d3W !!!<\/em><\/strong><\/p>\n<p><strong><em>&#8211; Kotki w opcji hodowlanej opuszczaj\u0105 nasz\u0105 hodowl\u0119 nie wcze\u015bniej ni\u017c w 12 tygodniu \u017cycia. S\u0105 wtedy dwukrotnie zaszczepione, odrobaczone, zaczipowane. Posiadaj\u0105 rodow\u00f3d, ksi\u0105\u017ceczk\u0119 zdrowia, wyprawk\u0119.<\/em><\/strong><\/p>\n<p><strong><em>&#8211; Kotki w opcji \u201ena kolanka\u201d b\u0119d\u0105 przed opuszczeniem hodowli poddane zabiegowi kastracji. Kocurki w takiej opcji opuszczaj\u0105 hodowl\u0119 nie wcze\u015bniej ni\u017c w 15 tygodniu, kotki &#8211; 16 tygodniu. <\/em><\/strong><strong><em>Uzale\u017cnione jest to od termin\u00f3w szczepie\u0144 i kastracji.<\/em><\/strong><\/p>\n<p><strong><em>&#8211; Kupuj\u0105cy powinien w ci\u0105gu 3 dni przebada\u0107 kotka u weterynarza (na w\u0142asny koszt).<\/em><\/strong><\/p>\n<p><strong><em>&#8211; Rezerwacja jest dokonywana z chwil\u0105 wp\u0142aty zadatku na konto.<\/em><\/strong><\/p>\n<p><strong><em>&#8211; W przypadku rezygnacji z zakupu przez kupuj\u0105cego zadatek nie jest zwracany. W przypadku rezygnacji ze strony sprzedaj\u0105cego zadatek jest zwracany w kwocie jego wp\u0142aty.&nbsp;<u> <br><\/u><\/em><\/strong><\/p>\n<p><strong><em>&#8211; Z kupuj\u0105cym spisywana jest umowa kupna-sprzeda\u017cy. Kupuj\u0105cy jest zobowi\u0105zany do zap\u0142aty podatku zgodnie z obowi\u0105zuj\u0105cymi przepisami (2% od ceny zakupu, pit PCC3).<\/em><\/strong><\/p>\n<p><strong><em>&#8211; Hodowca udziela gwarancji w odniesieniu do chor\u00f3b HCM i PKD do 2-go roku \u017cycia koci\u0105tka. <\/em><\/strong><\/p>\n<p><strong><em>&#8211; Reklamacja jest uznawana po potwierdzeniu choroby badaniami przez lekarza ze strony hodowcy na koszt Nabywcy, kt\u00f3ry jest zwracany w przypadku jej zaistnienia.<\/em><\/strong><\/p>\n<p><strong><em>&#8211; Rejestracja numeru czip jest dokonywana przez hodowce na jego koncie, na dane nabywcy. <\/em><\/strong><\/p>\n<p><strong><em>&#8211; Istnieje mo\u017cliwo\u015b\u0107 wyd\u0142u\u017cenia terminu odbioru nabytego koci\u0105tka, jednak\u017ce nabywca ponosi koszty utrzymania za okres od gotowo\u015bci wydania do dnia odbioru w wysoko\u015bci 10 z\u0142 za ka\u017cdy dzie\u0144, p\u0142atne z g\u00f3ry. <\/em><\/strong><\/p>\n<p><strong><em>&#8211; W przypadku braku kontaktu z nabywc\u0105 maluszka od dnia gotowo\u015bci do odbioru przez nast\u0119pne 5 dni rezerwacja przepada bez mo\u017cliwo\u015bci zwrotu zadatku.<\/em><\/strong><\/p>\n<p><strong><em>&#8211; Nabywca winien u\u017cywa\u0107 w internecie imienia kota wraz przydomkiem hodowlanym Lunasworld*PL.<\/em><\/strong><\/p>\n<p><strong>&nbsp;<\/strong><\/p>\n<p><strong>&nbsp;<\/strong><\/p>\n<p><strong><em>ZASADY REZERWACJI:<\/em><\/strong><\/p>\n<ol>\n<li><strong><em> W przypadku ch\u0119ci nabycia maluszka, lecz braku ca\u0142kowitej pewno\u015bci istnieje mo\u017cliwo\u015b\u0107 opcji czasowej obserwacji. Nale\u017cy poinformowa\u0107 o ch\u0119ci nabycia konkretnego kotka i pozostawi\u0107 numer kontaktowy &#8211; kotek zmienia w tym momencie status na &#8222;w obserwacji&#8221;. Og\u0142oszenie jest jednak dalej edytowane. Status taki powraca automatycznie na &#8222;wolny&#8221; po tygodniu lub w przypadku braku kontaktu z zainteresowanym przez jeden dzie\u0144.<\/em><\/strong><\/li>\n<li><strong><em> W chwili pojawienia si\u0119 kolejnego ch\u0119tnego do nabycia kotka znajduj\u0105cego si\u0119 w opcji &#8222;w obserwacji&#8221;, kontaktujemy si\u0119 z Pa\u0144stwem w celu potwierdzenia ch\u0119ci zakupu i poinformowania o potrzebie wp\u0142aty zadatku w wysoko\u015bci 500 z\u0142. <\/em><\/strong><\/li>\n<li><strong><em> W przypadku braku kontaktu z osob\u0105 dotychczas obserwuj\u0105c\u0105, w dniu nast\u0119pnym nowa osoba zainteresowana nabyciem kotka mo\u017ce dokona\u0107 rezerwacji poprzez wp\u0142at\u0119 zadatku.<\/em><\/strong><\/li>\n<li><strong><em> Przed wp\u0142at\u0105 zadatku przesy\u0142ana jest umowa wst\u0119pna. Po zaksi\u0119gowaniu wp\u0142aty na naszym koncie bankowym kotek zostaje zarezerwowany.&nbsp;<\/em><\/strong><\/li>\n<li><strong><em> Je\u015bli zainteresowany jest pewny od razu co do nabycia przyjaciela winien dokona\u0107 wp\u0142aty zadatku, po kt\u00f3rym og\u0142oszenie przestaje by\u0107 edytowane. <\/em><\/strong><\/li>\n<\/ol>\t\t\t\t\t\t\t\t<\/div>\n\t\t\t\t<\/div>\n\t\t\t\t\t<\/div>\n\t\t<\/div>\n\t\t\t\t\t<\/div>\n\t\t<\/section>\n\t\t\t\t<section class=\"elementor-section elementor-top-section elementor-element elementor-element-1616c6c elementor-section-boxed elementor-section-height-default elementor-section-height-default\" data-id=\"1616c6c\" data-element_type=\"section\" data-e-type=\"section\">\n\t\t\t\t\t\t<div class=\"elementor-container elementor-column-gap-default\">\n\t\t\t\t\t<div class=\"elementor-column elementor-col-100 elementor-top-column elementor-element elementor-element-7aeb4d1\" data-id=\"7aeb4d1\" data-element_type=\"column\" data-e-type=\"column\">\n\t\t\t<div class=\"elementor-widget-wrap\">\n\t\t\t\t\t\t\t<\/div>\n\t\t<\/div>\n\t\t\t\t\t<\/div>\n\t\t<\/section>\n\t\t\t\t<\/div>\n\t\t","protected":false},"excerpt":{"rendered":"<p>\u00a0 Dla nabywc\u00f3w &#8211; Doros\u0142e koty w hodowli s\u0105 przebadane pod kontem FELV (bia\u0142aczka kocia), FIV (nabyty niedob\u00f3r immunologiczy) ,&nbsp; HCM (kardiomiopatia przerostowa), PKD (wielotorbielowato\u015b\u0107 nerek) i CMS (wrodzony zesp\u00f3\u0142 miasteniczny). &#8211; NIE SPRZEDAJEMY KOTK\u00d3W BEZ RODOWOD\u00d3W !!! &#8211; Kotki w opcji hodowlanej opuszczaj\u0105 nasz\u0105 hodowl\u0119 nie wcze\u015bniej ni\u017c w 12 tygodniu \u017cycia. S\u0105 wtedy [&hellip;]<\/p>\n","protected":false},"author":1,"featured_media":0,"parent":0,"menu_order":0,"comment_status":"closed","ping_status":"closed","template":"","meta":{"site-sidebar-layout":"no-sidebar","site-content-layout":"page-builder","ast-site-content-layout":"default","site-content-style":"default","site-sidebar-style":"default","ast-global-header-display":"","ast-banner-title-visibility":"","ast-main-header-display":"","ast-hfb-above-header-display":"","ast-hfb-below-header-display":"","ast-hfb-mobile-header-display":"","site-post-title":"disabled","ast-breadcrumbs-content":"","ast-featured-img":"disabled","footer-sml-layout":"","ast-disable-related-posts":"","theme-transparent-header-meta":"","adv-header-id-meta":"","stick-header-meta":"","header-above-stick-meta":"","header-main-stick-meta":"","header-below-stick-meta":"","astra-migrate-meta-layouts":"default","ast-page-background-enabled":"default","ast-page-background-meta":{"desktop":{"background-color":"var(--ast-global-color-4)","background-image":"","background-repeat":"repeat","background-position":"center center","background-size":"auto","background-attachment":"scroll","background-type":"","background-media":"","overlay-type":"","overlay-color":"","overlay-opacity":"","overlay-gradient":""},"tablet":{"background-color":"","background-image":"","background-repeat":"repeat","background-position":"center center","background-size":"auto","background-attachment":"scroll","background-type":"","background-media":"","overlay-type":"","overlay-color":"","overlay-opacity":"","overlay-gradient":""},"mobile":{"background-color":"","background-image":"","background-repeat":"repeat","background-position":"center center","background-size":"auto","background-attachment":"scroll","background-type":"","background-media":"","overlay-type":"","overlay-color":"","overlay-opacity":"","overlay-gradient":""}},"ast-content-background-meta":{"desktop":{"background-color":"var(--ast-global-color-5)","background-image":"","background-repeat":"repeat","background-position":"center center","background-size":"auto","background-attachment":"scroll","background-type":"","background-media":"","overlay-type":"","overlay-color":"","overlay-opacity":"","overlay-gradient":""},"tablet":{"background-color":"var(--ast-global-color-5)","background-image":"","background-repeat":"repeat","background-position":"center center","background-size":"auto","background-attachment":"scroll","background-type":"","background-media":"","overlay-type":"","overlay-color":"","overlay-opacity":"","overlay-gradient":""},"mobile":{"background-color":"var(--ast-global-color-5)","background-image":"","background-repeat":"repeat","background-position":"center center","background-size":"auto","background-attachment":"scroll","background-type":"","background-media":"","overlay-type":"","overlay-color":"","overlay-opacity":"","overlay-gradient":""}},"footnotes":""},"class_list":["post-103","page","type-page","status-publish","hentry"],"yoast_head":"<!-- This site is optimized with the Yoast SEO plugin v26.9 - https:\/\/yoast.com\/product\/yoast-seo-wordpress\/ -->\n<title>Dla nabywc\u00f3w - Lunasworld.pl<\/title>\n<meta name=\"robots\" content=\"index, follow, max-snippet:-1, max-image-preview:large, max-video-preview:-1\" \/>\n<link rel=\"canonical\" href=\"https:\/\/lunasworld.pl\/index.php\/dla-nabywcow\/\" \/>\n<meta property=\"og:locale\" content=\"pl_PL\" \/>\n<meta property=\"og:type\" content=\"article\" \/>\n<meta property=\"og:title\" content=\"Dla nabywc\u00f3w - Lunasworld.pl\" \/>\n<meta property=\"og:description\" content=\"\u00a0 Dla nabywc\u00f3w &#8211; Doros\u0142e koty w hodowli s\u0105 przebadane pod kontem FELV (bia\u0142aczka kocia), FIV (nabyty niedob\u00f3r immunologiczy) ,&nbsp; HCM (kardiomiopatia przerostowa), PKD (wielotorbielowato\u015b\u0107 nerek) i CMS (wrodzony zesp\u00f3\u0142 miasteniczny). &#8211; NIE SPRZEDAJEMY KOTK\u00d3W BEZ RODOWOD\u00d3W !!! &#8211; Kotki w opcji hodowlanej opuszczaj\u0105 nasz\u0105 hodowl\u0119 nie wcze\u015bniej ni\u017c w 12 tygodniu \u017cycia. S\u0105 wtedy [&hellip;]\" \/>\n<meta property=\"og:url\" content=\"https:\/\/lunasworld.pl\/index.php\/dla-nabywcow\/\" \/>\n<meta property=\"og:site_name\" content=\"Lunasworld.pl\" \/>\n<meta property=\"article:modified_time\" content=\"2024-08-12T18:11:44+00:00\" \/>\n<meta property=\"og:image\" content=\"https:\/\/lunasworld.pl\/wp-content\/uploads\/2023\/02\/gora3-1024x249.jpg\" \/>\n<meta name=\"twitter:card\" content=\"summary_large_image\" \/>\n<meta name=\"twitter:label1\" content=\"Szacowany czas czytania\" \/>\n\t<meta name=\"twitter:data1\" content=\"3 minuty\" \/>\n<script type=\"application\/ld+json\" class=\"yoast-schema-graph\">{\"@context\":\"https:\/\/schema.org\",\"@graph\":[{\"@type\":\"WebPage\",\"@id\":\"https:\/\/lunasworld.pl\/index.php\/dla-nabywcow\/\",\"url\":\"https:\/\/lunasworld.pl\/index.php\/dla-nabywcow\/\",\"name\":\"Dla nabywc\u00f3w - Lunasworld.pl\",\"isPartOf\":{\"@id\":\"https:\/\/lunasworld.pl\/#website\"},\"primaryImageOfPage\":{\"@id\":\"https:\/\/lunasworld.pl\/index.php\/dla-nabywcow\/#primaryimage\"},\"image\":{\"@id\":\"https:\/\/lunasworld.pl\/index.php\/dla-nabywcow\/#primaryimage\"},\"thumbnailUrl\":\"https:\/\/lunasworld.pl\/wp-content\/uploads\/2023\/02\/gora3-1024x249.jpg\",\"datePublished\":\"2023-02-22T20:41:16+00:00\",\"dateModified\":\"2024-08-12T18:11:44+00:00\",\"breadcrumb\":{\"@id\":\"https:\/\/lunasworld.pl\/index.php\/dla-nabywcow\/#breadcrumb\"},\"inLanguage\":\"pl-PL\",\"potentialAction\":[{\"@type\":\"ReadAction\",\"target\":[\"https:\/\/lunasworld.pl\/index.php\/dla-nabywcow\/\"]}]},{\"@type\":\"ImageObject\",\"inLanguage\":\"pl-PL\",\"@id\":\"https:\/\/lunasworld.pl\/index.php\/dla-nabywcow\/#primaryimage\",\"url\":\"https:\/\/lunasworld.pl\/wp-content\/uploads\/2023\/02\/gora3.jpg\",\"contentUrl\":\"https:\/\/lunasworld.pl\/wp-content\/uploads\/2023\/02\/gora3.jpg\",\"width\":1028,\"height\":250},{\"@type\":\"BreadcrumbList\",\"@id\":\"https:\/\/lunasworld.pl\/index.php\/dla-nabywcow\/#breadcrumb\",\"itemListElement\":[{\"@type\":\"ListItem\",\"position\":1,\"name\":\"Strona g\u0142\u00f3wna\",\"item\":\"https:\/\/lunasworld.pl\/\"},{\"@type\":\"ListItem\",\"position\":2,\"name\":\"Dla nabywc\u00f3w\"}]},{\"@type\":\"WebSite\",\"@id\":\"https:\/\/lunasworld.pl\/#website\",\"url\":\"https:\/\/lunasworld.pl\/\",\"name\":\"Lunasworld.pl\",\"description\":\"Hodowla kot&oacute;w rasy Devon Rex\",\"potentialAction\":[{\"@type\":\"SearchAction\",\"target\":{\"@type\":\"EntryPoint\",\"urlTemplate\":\"https:\/\/lunasworld.pl\/?s={search_term_string}\"},\"query-input\":{\"@type\":\"PropertyValueSpecification\",\"valueRequired\":true,\"valueName\":\"search_term_string\"}}],\"inLanguage\":\"pl-PL\"}]}<\/script>\n<!-- \/ Yoast SEO plugin. -->","yoast_head_json":{"title":"Dla nabywc\u00f3w - Lunasworld.pl","robots":{"index":"index","follow":"follow","max-snippet":"max-snippet:-1","max-image-preview":"max-image-preview:large","max-video-preview":"max-video-preview:-1"},"canonical":"https:\/\/lunasworld.pl\/index.php\/dla-nabywcow\/","og_locale":"pl_PL","og_type":"article","og_title":"Dla nabywc\u00f3w - Lunasworld.pl","og_description":"\u00a0 Dla nabywc\u00f3w &#8211; Doros\u0142e koty w hodowli s\u0105 przebadane pod kontem FELV (bia\u0142aczka kocia), FIV (nabyty niedob\u00f3r immunologiczy) ,&nbsp; HCM (kardiomiopatia przerostowa), PKD (wielotorbielowato\u015b\u0107 nerek) i CMS (wrodzony zesp\u00f3\u0142 miasteniczny). &#8211; NIE SPRZEDAJEMY KOTK\u00d3W BEZ RODOWOD\u00d3W !!! &#8211; Kotki w opcji hodowlanej opuszczaj\u0105 nasz\u0105 hodowl\u0119 nie wcze\u015bniej ni\u017c w 12 tygodniu \u017cycia. S\u0105 wtedy [&hellip;]","og_url":"https:\/\/lunasworld.pl\/index.php\/dla-nabywcow\/","og_site_name":"Lunasworld.pl","article_modified_time":"2024-08-12T18:11:44+00:00","og_image":[{"url":"https:\/\/lunasworld.pl\/wp-content\/uploads\/2023\/02\/gora3-1024x249.jpg","type":"","width":"","height":""}],"twitter_card":"summary_large_image","twitter_misc":{"Szacowany czas czytania":"3 minuty"},"schema":{"@context":"https:\/\/schema.org","@graph":[{"@type":"WebPage","@id":"https:\/\/lunasworld.pl\/index.php\/dla-nabywcow\/","url":"https:\/\/lunasworld.pl\/index.php\/dla-nabywcow\/","name":"Dla nabywc\u00f3w - Lunasworld.pl","isPartOf":{"@id":"https:\/\/lunasworld.pl\/#website"},"primaryImageOfPage":{"@id":"https:\/\/lunasworld.pl\/index.php\/dla-nabywcow\/#primaryimage"},"image":{"@id":"https:\/\/lunasworld.pl\/index.php\/dla-nabywcow\/#primaryimage"},"thumbnailUrl":"https:\/\/lunasworld.pl\/wp-content\/uploads\/2023\/02\/gora3-1024x249.jpg","datePublished":"2023-02-22T20:41:16+00:00","dateModified":"2024-08-12T18:11:44+00:00","breadcrumb":{"@id":"https:\/\/lunasworld.pl\/index.php\/dla-nabywcow\/#breadcrumb"},"inLanguage":"pl-PL","potentialAction":[{"@type":"ReadAction","target":["https:\/\/lunasworld.pl\/index.php\/dla-nabywcow\/"]}]},{"@type":"ImageObject","inLanguage":"pl-PL","@id":"https:\/\/lunasworld.pl\/index.php\/dla-nabywcow\/#primaryimage","url":"https:\/\/lunasworld.pl\/wp-content\/uploads\/2023\/02\/gora3.jpg","contentUrl":"https:\/\/lunasworld.pl\/wp-content\/uploads\/2023\/02\/gora3.jpg","width":1028,"height":250},{"@type":"BreadcrumbList","@id":"https:\/\/lunasworld.pl\/index.php\/dla-nabywcow\/#breadcrumb","itemListElement":[{"@type":"ListItem","position":1,"name":"Strona g\u0142\u00f3wna","item":"https:\/\/lunasworld.pl\/"},{"@type":"ListItem","position":2,"name":"Dla nabywc\u00f3w"}]},{"@type":"WebSite","@id":"https:\/\/lunasworld.pl\/#website","url":"https:\/\/lunasworld.pl\/","name":"Lunasworld.pl","description":"Hodowla kot&oacute;w rasy Devon Rex","potentialAction":[{"@type":"SearchAction","target":{"@type":"EntryPoint","urlTemplate":"https:\/\/lunasworld.pl\/?s={search_term_string}"},"query-input":{"@type":"PropertyValueSpecification","valueRequired":true,"valueName":"search_term_string"}}],"inLanguage":"pl-PL"}]}},"_links":{"self":[{"href":"https:\/\/lunasworld.pl\/index.php\/wp-json\/wp\/v2\/pages\/103","targetHints":{"allow":["GET"]}}],"collection":[{"href":"https:\/\/lunasworld.pl\/index.php\/wp-json\/wp\/v2\/pages"}],"about":[{"href":"https:\/\/lunasworld.pl\/index.php\/wp-json\/wp\/v2\/types\/page"}],"author":[{"embeddable":true,"href":"https:\/\/lunasworld.pl\/index.php\/wp-json\/wp\/v2\/users\/1"}],"replies":[{"embeddable":true,"href":"https:\/\/lunasworld.pl\/index.php\/wp-json\/wp\/v2\/comments?post=103"}],"version-history":[{"count":0,"href":"https:\/\/lunasworld.pl\/index.php\/wp-json\/wp\/v2\/pages\/103\/revisions"}],"wp:attachment":[{"href":"https:\/\/lunasworld.pl\/index.php\/wp-json\/wp\/v2\/media?parent=103"}],"curies":[{"name":"wp","href":"https:\/\/api.w.org\/{rel}","templated":true}]}}