{"id":11,"date":"2023-02-20T22:26:55","date_gmt":"2023-02-20T22:26:55","guid":{"rendered":"https:\/\/lunasworld.pl\/?page_id=11"},"modified":"2025-10-05T20:13:13","modified_gmt":"2025-10-05T20:13:13","slug":"strona-glowna","status":"publish","type":"page","link":"https:\/\/lunasworld.pl\/","title":{"rendered":"Strona g\u0142\u00f3wna"},"content":{"rendered":"\t\t<div data-elementor-type=\"wp-page\" data-elementor-id=\"11\" class=\"elementor elementor-11\">\n\t\t\t\t\t\t<section class=\"elementor-section elementor-top-section elementor-element elementor-element-53c7609 elementor-section-full_width elementor-section-height-default elementor-section-height-default\" data-id=\"53c7609\" data-element_type=\"section\" data-e-type=\"section\" data-settings=\"{&quot;background_background&quot;:&quot;classic&quot;}\">\n\t\t\t\t\t\t<div class=\"elementor-container elementor-column-gap-default\">\n\t\t\t\t\t<div class=\"elementor-column elementor-col-100 elementor-top-column elementor-element elementor-element-8e96dce\" data-id=\"8e96dce\" data-element_type=\"column\" data-e-type=\"column\">\n\t\t\t<div class=\"elementor-widget-wrap elementor-element-populated\">\n\t\t\t\t\t\t<div class=\"elementor-element elementor-element-1150919 elementor-widget elementor-widget-image\" data-id=\"1150919\" data-element_type=\"widget\" data-e-type=\"widget\" data-widget_type=\"image.default\">\n\t\t\t\t<div class=\"elementor-widget-container\">\n\t\t\t\t\t\t\t\t\t\t\t\t\t\t\t<img fetchpriority=\"high\" decoding=\"async\" width=\"1181\" height=\"787\" src=\"https:\/\/lunasworld.pl\/wp-content\/uploads\/2023\/02\/15-1.jpg\" class=\"attachment-full size-full wp-image-45\" alt=\"\" srcset=\"https:\/\/lunasworld.pl\/wp-content\/uploads\/2023\/02\/15-1.jpg 1181w, https:\/\/lunasworld.pl\/wp-content\/uploads\/2023\/02\/15-1-300x200.jpg 300w, https:\/\/lunasworld.pl\/wp-content\/uploads\/2023\/02\/15-1-1024x682.jpg 1024w, https:\/\/lunasworld.pl\/wp-content\/uploads\/2023\/02\/15-1-768x512.jpg 768w\" sizes=\"(max-width: 1181px) 100vw, 1181px\" \/>\t\t\t\t\t\t\t\t\t\t\t\t\t\t\t<\/div>\n\t\t\t\t<\/div>\n\t\t\t\t<div class=\"elementor-element elementor-element-419831b elementor-widget elementor-widget-text-editor\" data-id=\"419831b\" data-element_type=\"widget\" data-e-type=\"widget\" data-widget_type=\"text-editor.default\">\n\t\t\t\t<div class=\"elementor-widget-container\">\n\t\t\t\t\t\t\t\t\t<p>\u00a0<\/p><p>Nast\u0119pny planowany miot w roku 2026 !!!<\/p>\t\t\t\t\t\t\t\t<\/div>\n\t\t\t\t<\/div>\n\t\t\t\t<div class=\"elementor-element elementor-element-54e7ea0 elementor-widget elementor-widget-text-editor\" data-id=\"54e7ea0\" data-element_type=\"widget\" data-e-type=\"widget\" data-widget_type=\"text-editor.default\">\n\t\t\t\t<div class=\"elementor-widget-container\">\n\t\t\t\t\t\t\t\t\t<p>\u00a0<\/p><p>\u00a0<\/p><p>&#8221; Aby mie\u0107 w\u0142a\u015bciwe spojrzenie na w\u0142asn\u0105 pozycj\u0119 w \u017cyciu,<\/p><p>cz\u0142owiek powinien posiada\u0107 psa, kt\u00f3ry go b\u0119dzie uwielbia\u0142<\/p><p>\u00a0i kota, kt\u00f3ry b\u0119dzie go ignorowa\u0142&#8221;<\/p>\t\t\t\t\t\t\t\t<\/div>\n\t\t\t\t<\/div>\n\t\t\t\t\t<\/div>\n\t\t<\/div>\n\t\t\t\t\t<\/div>\n\t\t<\/section>\n\t\t\t\t<section class=\"elementor-section elementor-top-section elementor-element elementor-element-b87b315 elementor-section-boxed elementor-section-height-default elementor-section-height-default\" data-id=\"b87b315\" data-element_type=\"section\" data-e-type=\"section\">\n\t\t\t\t\t\t<div class=\"elementor-container elementor-column-gap-default\">\n\t\t\t\t\t<div class=\"elementor-column elementor-col-100 elementor-top-column elementor-element elementor-element-8bd1a4e\" data-id=\"8bd1a4e\" data-element_type=\"column\" data-e-type=\"column\">\n\t\t\t<div class=\"elementor-widget-wrap elementor-element-populated\">\n\t\t\t\t\t\t<div class=\"elementor-element elementor-element-2b3e123 elementor-widget elementor-widget-text-editor\" data-id=\"2b3e123\" data-element_type=\"widget\" data-e-type=\"widget\" data-widget_type=\"text-editor.default\">\n\t\t\t\t<div class=\"elementor-widget-container\">\n\t\t\t\t\t\t\t\t\t<p><em>\u00a0 \u00a0 \u00a0 \u00a0 \u00a0 \u00a0 \u00a0 \u00a0 \u00a0 \u00a0 \u00a0 \u00a0 \u00a0 \u00a0 \u00a0 \u00a0 \u00a0 \u00a0 \u00a0 \u00a0 \u00a0 \u00a0 \u00a0 \u00a0 \u00a0 \u00a0 \u00a0 \u00a0 \u00a0 \u00a0 \u00a0 \u00a0 \u00a0 \u00a0 \u00a0 \u00a0 \u00a0 \u00a0 \u00a0 \u00a0 \u00a0 \u00a0 \u00a0 \u00a0 \u00a0 \u00a0 \u00a0 \u00a0 \u00a0 \u00a0 \u00a0 \u00a0 \u00a0 \u00a0 \u00a0 \u00a0 \u00a0 \u00a0 \u00a0 \u00a0 Derek Bruce<\/em><\/p>\t\t\t\t\t\t\t\t<\/div>\n\t\t\t\t<\/div>\n\t\t\t\t\t<\/div>\n\t\t<\/div>\n\t\t\t\t\t<\/div>\n\t\t<\/section>\n\t\t\t\t<section class=\"elementor-section elementor-top-section elementor-element elementor-element-fcb00fd elementor-section-boxed elementor-section-height-default elementor-section-height-default\" data-id=\"fcb00fd\" data-element_type=\"section\" data-e-type=\"section\">\n\t\t\t\t\t\t<div class=\"elementor-container elementor-column-gap-default\">\n\t\t\t\t\t<div class=\"elementor-column elementor-col-100 elementor-top-column elementor-element elementor-element-8eacbe4\" data-id=\"8eacbe4\" data-element_type=\"column\" data-e-type=\"column\">\n\t\t\t<div class=\"elementor-widget-wrap elementor-element-populated\">\n\t\t\t\t\t\t<div class=\"elementor-element elementor-element-5422a44 elementor-widget elementor-widget-image\" data-id=\"5422a44\" data-element_type=\"widget\" data-e-type=\"widget\" data-widget_type=\"image.default\">\n\t\t\t\t<div class=\"elementor-widget-container\">\n\t\t\t\t\t\t\t\t\t\t\t\t\t\t\t\t<a href=\"https:\/\/www.safe-animal.eu\/pl\/\">\n\t\t\t\t\t\t\t<img decoding=\"async\" width=\"300\" height=\"125\" src=\"https:\/\/lunasworld.pl\/wp-content\/uploads\/2023\/02\/safe-animal-600x250-1-300x125.jpg\" class=\"attachment-medium size-medium wp-image-53\" alt=\"\" srcset=\"https:\/\/lunasworld.pl\/wp-content\/uploads\/2023\/02\/safe-animal-600x250-1-300x125.jpg 300w, https:\/\/lunasworld.pl\/wp-content\/uploads\/2023\/02\/safe-animal-600x250-1.jpg 600w\" sizes=\"(max-width: 300px) 100vw, 300px\" \/>\t\t\t\t\t\t\t\t<\/a>\n\t\t\t\t\t\t\t\t\t\t\t\t\t\t\t<\/div>\n\t\t\t\t<\/div>\n\t\t\t\t\t<\/div>\n\t\t<\/div>\n\t\t\t\t\t<\/div>\n\t\t<\/section>\n\t\t\t\t<\/div>\n\t\t","protected":false},"excerpt":{"rendered":"<p>\u00a0 Nast\u0119pny planowany miot w roku 2026 !!! \u00a0 \u00a0 &#8221; Aby mie\u0107 w\u0142a\u015bciwe spojrzenie na w\u0142asn\u0105 pozycj\u0119 w \u017cyciu, cz\u0142owiek powinien posiada\u0107 psa, kt\u00f3ry go b\u0119dzie uwielbia\u0142 \u00a0i kota, kt\u00f3ry b\u0119dzie go ignorowa\u0142&#8221; \u00a0 \u00a0 \u00a0 \u00a0 \u00a0 \u00a0 \u00a0 \u00a0 \u00a0 \u00a0 \u00a0 \u00a0 \u00a0 \u00a0 \u00a0 \u00a0 \u00a0 \u00a0 \u00a0 \u00a0 \u00a0 [&hellip;]<\/p>\n","protected":false},"author":1,"featured_media":0,"parent":0,"menu_order":0,"comment_status":"closed","ping_status":"closed","template":"","meta":{"site-sidebar-layout":"no-sidebar","site-content-layout":"page-builder","ast-site-content-layout":"default","site-content-style":"default","site-sidebar-style":"default","ast-global-header-display":"","ast-banner-title-visibility":"","ast-main-header-display":"","ast-hfb-above-header-display":"","ast-hfb-below-header-display":"","ast-hfb-mobile-header-display":"","site-post-title":"disabled","ast-breadcrumbs-content":"","ast-featured-img":"disabled","footer-sml-layout":"","ast-disable-related-posts":"","theme-transparent-header-meta":"","adv-header-id-meta":"","stick-header-meta":"","header-above-stick-meta":"","header-main-stick-meta":"","header-below-stick-meta":"","astra-migrate-meta-layouts":"default","ast-page-background-enabled":"default","ast-page-background-meta":{"desktop":{"background-color":"var(--ast-global-color-4)","background-image":"","background-repeat":"repeat","background-position":"center center","background-size":"auto","background-attachment":"scroll","background-type":"","background-media":"","overlay-type":"","overlay-color":"","overlay-opacity":"","overlay-gradient":""},"tablet":{"background-color":"","background-image":"","background-repeat":"repeat","background-position":"center center","background-size":"auto","background-attachment":"scroll","background-type":"","background-media":"","overlay-type":"","overlay-color":"","overlay-opacity":"","overlay-gradient":""},"mobile":{"background-color":"","background-image":"","background-repeat":"repeat","background-position":"center center","background-size":"auto","background-attachment":"scroll","background-type":"","background-media":"","overlay-type":"","overlay-color":"","overlay-opacity":"","overlay-gradient":""}},"ast-content-background-meta":{"desktop":{"background-color":"var(--ast-global-color-5)","background-image":"","background-repeat":"repeat","background-position":"center center","background-size":"auto","background-attachment":"scroll","background-type":"","background-media":"","overlay-type":"","overlay-color":"","overlay-opacity":"","overlay-gradient":""},"tablet":{"background-color":"var(--ast-global-color-5)","background-image":"","background-repeat":"repeat","background-position":"center center","background-size":"auto","background-attachment":"scroll","background-type":"","background-media":"","overlay-type":"","overlay-color":"","overlay-opacity":"","overlay-gradient":""},"mobile":{"background-color":"var(--ast-global-color-5)","background-image":"","background-repeat":"repeat","background-position":"center center","background-size":"auto","background-attachment":"scroll","background-type":"","background-media":"","overlay-type":"","overlay-color":"","overlay-opacity":"","overlay-gradient":""}},"footnotes":""},"class_list":["post-11","page","type-page","status-publish","hentry"],"yoast_head":"<!-- This site is optimized with the Yoast SEO plugin v26.9 - https:\/\/yoast.com\/product\/yoast-seo-wordpress\/ -->\n<title>Strona g\u0142\u00f3wna - Lunasworld.pl<\/title>\n<meta name=\"robots\" content=\"index, follow, max-snippet:-1, max-image-preview:large, max-video-preview:-1\" \/>\n<link rel=\"canonical\" href=\"https:\/\/lunasworld.pl\/\" \/>\n<meta property=\"og:locale\" content=\"pl_PL\" \/>\n<meta property=\"og:type\" content=\"article\" \/>\n<meta property=\"og:title\" content=\"Strona g\u0142\u00f3wna - Lunasworld.pl\" \/>\n<meta property=\"og:description\" content=\"\u00a0 Nast\u0119pny planowany miot w roku 2026 !!! \u00a0 \u00a0 &#8221; Aby mie\u0107 w\u0142a\u015bciwe spojrzenie na w\u0142asn\u0105 pozycj\u0119 w \u017cyciu, cz\u0142owiek powinien posiada\u0107 psa, kt\u00f3ry go b\u0119dzie uwielbia\u0142 \u00a0i kota, kt\u00f3ry b\u0119dzie go ignorowa\u0142&#8221; \u00a0 \u00a0 \u00a0 \u00a0 \u00a0 \u00a0 \u00a0 \u00a0 \u00a0 \u00a0 \u00a0 \u00a0 \u00a0 \u00a0 \u00a0 \u00a0 \u00a0 \u00a0 \u00a0 \u00a0 \u00a0 [&hellip;]\" \/>\n<meta property=\"og:url\" content=\"https:\/\/lunasworld.pl\/\" \/>\n<meta property=\"og:site_name\" content=\"Lunasworld.pl\" \/>\n<meta property=\"article:modified_time\" content=\"2025-10-05T20:13:13+00:00\" \/>\n<meta property=\"og:image\" content=\"https:\/\/lunasworld.pl\/wp-content\/uploads\/2023\/02\/15-1.jpg\" \/>\n\t<meta property=\"og:image:width\" content=\"1181\" \/>\n\t<meta property=\"og:image:height\" content=\"787\" \/>\n\t<meta property=\"og:image:type\" content=\"image\/jpeg\" \/>\n<meta name=\"twitter:card\" content=\"summary_large_image\" \/>\n<meta name=\"twitter:label1\" content=\"Szacowany czas czytania\" \/>\n\t<meta name=\"twitter:data1\" content=\"1 minuta\" \/>\n<script type=\"application\/ld+json\" class=\"yoast-schema-graph\">{\"@context\":\"https:\/\/schema.org\",\"@graph\":[{\"@type\":\"WebPage\",\"@id\":\"https:\/\/lunasworld.pl\/\",\"url\":\"https:\/\/lunasworld.pl\/\",\"name\":\"Strona g\u0142\u00f3wna - Lunasworld.pl\",\"isPartOf\":{\"@id\":\"https:\/\/lunasworld.pl\/#website\"},\"primaryImageOfPage\":{\"@id\":\"https:\/\/lunasworld.pl\/#primaryimage\"},\"image\":{\"@id\":\"https:\/\/lunasworld.pl\/#primaryimage\"},\"thumbnailUrl\":\"https:\/\/lunasworld.pl\/wp-content\/uploads\/2023\/02\/15-1.jpg\",\"datePublished\":\"2023-02-20T22:26:55+00:00\",\"dateModified\":\"2025-10-05T20:13:13+00:00\",\"breadcrumb\":{\"@id\":\"https:\/\/lunasworld.pl\/#breadcrumb\"},\"inLanguage\":\"pl-PL\",\"potentialAction\":[{\"@type\":\"ReadAction\",\"target\":[\"https:\/\/lunasworld.pl\/\"]}]},{\"@type\":\"ImageObject\",\"inLanguage\":\"pl-PL\",\"@id\":\"https:\/\/lunasworld.pl\/#primaryimage\",\"url\":\"https:\/\/lunasworld.pl\/wp-content\/uploads\/2023\/02\/15-1.jpg\",\"contentUrl\":\"https:\/\/lunasworld.pl\/wp-content\/uploads\/2023\/02\/15-1.jpg\",\"width\":1181,\"height\":787},{\"@type\":\"BreadcrumbList\",\"@id\":\"https:\/\/lunasworld.pl\/#breadcrumb\",\"itemListElement\":[{\"@type\":\"ListItem\",\"position\":1,\"name\":\"Strona g\u0142\u00f3wna\",\"item\":\"https:\/\/lunasworld.pl\/\"},{\"@type\":\"ListItem\",\"position\":2,\"name\":\"Strona g\u0142\u00f3wna\"}]},{\"@type\":\"WebSite\",\"@id\":\"https:\/\/lunasworld.pl\/#website\",\"url\":\"https:\/\/lunasworld.pl\/\",\"name\":\"Lunasworld.pl\",\"description\":\"Hodowla kot&oacute;w rasy Devon Rex\",\"potentialAction\":[{\"@type\":\"SearchAction\",\"target\":{\"@type\":\"EntryPoint\",\"urlTemplate\":\"https:\/\/lunasworld.pl\/?s={search_term_string}\"},\"query-input\":{\"@type\":\"PropertyValueSpecification\",\"valueRequired\":true,\"valueName\":\"search_term_string\"}}],\"inLanguage\":\"pl-PL\"}]}<\/script>\n<!-- \/ Yoast SEO plugin. -->","yoast_head_json":{"title":"Strona g\u0142\u00f3wna - Lunasworld.pl","robots":{"index":"index","follow":"follow","max-snippet":"max-snippet:-1","max-image-preview":"max-image-preview:large","max-video-preview":"max-video-preview:-1"},"canonical":"https:\/\/lunasworld.pl\/","og_locale":"pl_PL","og_type":"article","og_title":"Strona g\u0142\u00f3wna - Lunasworld.pl","og_description":"\u00a0 Nast\u0119pny planowany miot w roku 2026 !!! \u00a0 \u00a0 &#8221; Aby mie\u0107 w\u0142a\u015bciwe spojrzenie na w\u0142asn\u0105 pozycj\u0119 w \u017cyciu, cz\u0142owiek powinien posiada\u0107 psa, kt\u00f3ry go b\u0119dzie uwielbia\u0142 \u00a0i kota, kt\u00f3ry b\u0119dzie go ignorowa\u0142&#8221; \u00a0 \u00a0 \u00a0 \u00a0 \u00a0 \u00a0 \u00a0 \u00a0 \u00a0 \u00a0 \u00a0 \u00a0 \u00a0 \u00a0 \u00a0 \u00a0 \u00a0 \u00a0 \u00a0 \u00a0 \u00a0 [&hellip;]","og_url":"https:\/\/lunasworld.pl\/","og_site_name":"Lunasworld.pl","article_modified_time":"2025-10-05T20:13:13+00:00","og_image":[{"width":1181,"height":787,"url":"https:\/\/lunasworld.pl\/wp-content\/uploads\/2023\/02\/15-1.jpg","type":"image\/jpeg"}],"twitter_card":"summary_large_image","twitter_misc":{"Szacowany czas czytania":"1 minuta"},"schema":{"@context":"https:\/\/schema.org","@graph":[{"@type":"WebPage","@id":"https:\/\/lunasworld.pl\/","url":"https:\/\/lunasworld.pl\/","name":"Strona g\u0142\u00f3wna - Lunasworld.pl","isPartOf":{"@id":"https:\/\/lunasworld.pl\/#website"},"primaryImageOfPage":{"@id":"https:\/\/lunasworld.pl\/#primaryimage"},"image":{"@id":"https:\/\/lunasworld.pl\/#primaryimage"},"thumbnailUrl":"https:\/\/lunasworld.pl\/wp-content\/uploads\/2023\/02\/15-1.jpg","datePublished":"2023-02-20T22:26:55+00:00","dateModified":"2025-10-05T20:13:13+00:00","breadcrumb":{"@id":"https:\/\/lunasworld.pl\/#breadcrumb"},"inLanguage":"pl-PL","potentialAction":[{"@type":"ReadAction","target":["https:\/\/lunasworld.pl\/"]}]},{"@type":"ImageObject","inLanguage":"pl-PL","@id":"https:\/\/lunasworld.pl\/#primaryimage","url":"https:\/\/lunasworld.pl\/wp-content\/uploads\/2023\/02\/15-1.jpg","contentUrl":"https:\/\/lunasworld.pl\/wp-content\/uploads\/2023\/02\/15-1.jpg","width":1181,"height":787},{"@type":"BreadcrumbList","@id":"https:\/\/lunasworld.pl\/#breadcrumb","itemListElement":[{"@type":"ListItem","position":1,"name":"Strona g\u0142\u00f3wna","item":"https:\/\/lunasworld.pl\/"},{"@type":"ListItem","position":2,"name":"Strona g\u0142\u00f3wna"}]},{"@type":"WebSite","@id":"https:\/\/lunasworld.pl\/#website","url":"https:\/\/lunasworld.pl\/","name":"Lunasworld.pl","description":"Hodowla kot&oacute;w rasy Devon Rex","potentialAction":[{"@type":"SearchAction","target":{"@type":"EntryPoint","urlTemplate":"https:\/\/lunasworld.pl\/?s={search_term_string}"},"query-input":{"@type":"PropertyValueSpecification","valueRequired":true,"valueName":"search_term_string"}}],"inLanguage":"pl-PL"}]}},"_links":{"self":[{"href":"https:\/\/lunasworld.pl\/index.php\/wp-json\/wp\/v2\/pages\/11","targetHints":{"allow":["GET"]}}],"collection":[{"href":"https:\/\/lunasworld.pl\/index.php\/wp-json\/wp\/v2\/pages"}],"about":[{"href":"https:\/\/lunasworld.pl\/index.php\/wp-json\/wp\/v2\/types\/page"}],"author":[{"embeddable":true,"href":"https:\/\/lunasworld.pl\/index.php\/wp-json\/wp\/v2\/users\/1"}],"replies":[{"embeddable":true,"href":"https:\/\/lunasworld.pl\/index.php\/wp-json\/wp\/v2\/comments?post=11"}],"version-history":[{"count":6,"href":"https:\/\/lunasworld.pl\/index.php\/wp-json\/wp\/v2\/pages\/11\/revisions"}],"predecessor-version":[{"id":1771,"href":"https:\/\/lunasworld.pl\/index.php\/wp-json\/wp\/v2\/pages\/11\/revisions\/1771"}],"wp:attachment":[{"href":"https:\/\/lunasworld.pl\/index.php\/wp-json\/wp\/v2\/media?parent=11"}],"curies":[{"name":"wp","href":"https:\/\/api.w.org\/{rel}","templated":true}]}}