{"id":190,"date":"2023-02-22T20:51:57","date_gmt":"2023-02-22T20:51:57","guid":{"rendered":"https:\/\/lunasworld.pl\/?page_id=190"},"modified":"2023-06-13T22:47:07","modified_gmt":"2023-06-13T22:47:07","slug":"o-nas","status":"publish","type":"page","link":"https:\/\/lunasworld.pl\/index.php\/o-nas\/","title":{"rendered":"O Nas"},"content":{"rendered":"\t\t<div data-elementor-type=\"wp-page\" data-elementor-id=\"190\" class=\"elementor elementor-190\">\n\t\t\t\t\t\t<section class=\"elementor-section elementor-top-section elementor-element elementor-element-834f845 elementor-section-boxed elementor-section-height-default elementor-section-height-default\" data-id=\"834f845\" data-element_type=\"section\" data-e-type=\"section\">\n\t\t\t\t\t\t<div class=\"elementor-container elementor-column-gap-default\">\n\t\t\t\t\t<div class=\"elementor-column elementor-col-100 elementor-top-column elementor-element elementor-element-1d654a8\" data-id=\"1d654a8\" data-element_type=\"column\" data-e-type=\"column\">\n\t\t\t<div class=\"elementor-widget-wrap elementor-element-populated\">\n\t\t\t\t\t\t<div class=\"elementor-element elementor-element-913c2c1 elementor-widget elementor-widget-image\" data-id=\"913c2c1\" data-element_type=\"widget\" data-e-type=\"widget\" data-widget_type=\"image.default\">\n\t\t\t\t<div class=\"elementor-widget-container\">\n\t\t\t\t\t\t\t\t\t\t\t\t\t\t\t<img fetchpriority=\"high\" decoding=\"async\" width=\"1024\" height=\"249\" src=\"https:\/\/lunasworld.pl\/wp-content\/uploads\/2023\/02\/gora3-1024x249.jpg\" class=\"attachment-large size-large wp-image-69\" alt=\"\" srcset=\"https:\/\/lunasworld.pl\/wp-content\/uploads\/2023\/02\/gora3-1024x249.jpg 1024w, https:\/\/lunasworld.pl\/wp-content\/uploads\/2023\/02\/gora3-300x73.jpg 300w, https:\/\/lunasworld.pl\/wp-content\/uploads\/2023\/02\/gora3-768x187.jpg 768w, https:\/\/lunasworld.pl\/wp-content\/uploads\/2023\/02\/gora3.jpg 1028w\" sizes=\"(max-width: 1024px) 100vw, 1024px\" \/>\t\t\t\t\t\t\t\t\t\t\t\t\t\t\t<\/div>\n\t\t\t\t<\/div>\n\t\t\t\t\t<\/div>\n\t\t<\/div>\n\t\t\t\t\t<\/div>\n\t\t<\/section>\n\t\t\t\t<section class=\"elementor-section elementor-top-section elementor-element elementor-element-a72ae45 elementor-section-boxed elementor-section-height-default elementor-section-height-default\" data-id=\"a72ae45\" data-element_type=\"section\" data-e-type=\"section\">\n\t\t\t\t\t\t<div class=\"elementor-container elementor-column-gap-default\">\n\t\t\t\t\t<div class=\"elementor-column elementor-col-100 elementor-top-column elementor-element elementor-element-a033502\" data-id=\"a033502\" data-element_type=\"column\" data-e-type=\"column\">\n\t\t\t<div class=\"elementor-widget-wrap elementor-element-populated\">\n\t\t\t\t\t\t<div class=\"elementor-element elementor-element-74bfdc2 elementor-widget-divider--view-line elementor-widget elementor-widget-divider\" data-id=\"74bfdc2\" data-element_type=\"widget\" data-e-type=\"widget\" data-widget_type=\"divider.default\">\n\t\t\t\t<div class=\"elementor-widget-container\">\n\t\t\t\t\t\t\t<div class=\"elementor-divider\">\n\t\t\t<span class=\"elementor-divider-separator\">\n\t\t\t\t\t\t<\/span>\n\t\t<\/div>\n\t\t\t\t\t\t<\/div>\n\t\t\t\t<\/div>\n\t\t\t\t\t<\/div>\n\t\t<\/div>\n\t\t\t\t\t<\/div>\n\t\t<\/section>\n\t\t\t\t<section class=\"elementor-section elementor-top-section elementor-element elementor-element-e7a8efd elementor-section-boxed elementor-section-height-default elementor-section-height-default\" data-id=\"e7a8efd\" data-element_type=\"section\" data-e-type=\"section\">\n\t\t\t\t\t\t<div class=\"elementor-container elementor-column-gap-default\">\n\t\t\t\t\t<div class=\"elementor-column elementor-col-100 elementor-top-column elementor-element elementor-element-fdbab76\" data-id=\"fdbab76\" data-element_type=\"column\" data-e-type=\"column\">\n\t\t\t<div class=\"elementor-widget-wrap elementor-element-populated\">\n\t\t\t\t\t\t<div class=\"elementor-element elementor-element-4ca1e4a elementor-widget elementor-widget-text-editor\" data-id=\"4ca1e4a\" data-element_type=\"widget\" data-e-type=\"widget\" data-widget_type=\"text-editor.default\">\n\t\t\t\t<div class=\"elementor-widget-container\">\n\t\t\t\t\t\t\t\t\t<p><br><\/p><p>O nas<\/p>\t\t\t\t\t\t\t\t<\/div>\n\t\t\t\t<\/div>\n\t\t\t\t\t<\/div>\n\t\t<\/div>\n\t\t\t\t\t<\/div>\n\t\t<\/section>\n\t\t\t\t<section class=\"elementor-section elementor-top-section elementor-element elementor-element-5174c62 elementor-section-boxed elementor-section-height-default elementor-section-height-default\" data-id=\"5174c62\" data-element_type=\"section\" data-e-type=\"section\">\n\t\t\t\t\t\t<div class=\"elementor-container elementor-column-gap-default\">\n\t\t\t\t\t<div class=\"elementor-column elementor-col-100 elementor-top-column elementor-element elementor-element-ea66ce9\" data-id=\"ea66ce9\" data-element_type=\"column\" data-e-type=\"column\">\n\t\t\t<div class=\"elementor-widget-wrap elementor-element-populated\">\n\t\t\t\t\t\t<div class=\"elementor-element elementor-element-b1a8fb6 elementor-widget-divider--view-line elementor-widget elementor-widget-divider\" data-id=\"b1a8fb6\" data-element_type=\"widget\" data-e-type=\"widget\" data-widget_type=\"divider.default\">\n\t\t\t\t<div class=\"elementor-widget-container\">\n\t\t\t\t\t\t\t<div class=\"elementor-divider\">\n\t\t\t<span class=\"elementor-divider-separator\">\n\t\t\t\t\t\t<\/span>\n\t\t<\/div>\n\t\t\t\t\t\t<\/div>\n\t\t\t\t<\/div>\n\t\t\t\t\t<\/div>\n\t\t<\/div>\n\t\t\t\t\t<\/div>\n\t\t<\/section>\n\t\t\t\t<section class=\"elementor-section elementor-top-section elementor-element elementor-element-13482aa elementor-section-boxed elementor-section-height-default elementor-section-height-default\" data-id=\"13482aa\" data-element_type=\"section\" data-e-type=\"section\">\n\t\t\t\t\t\t<div class=\"elementor-container elementor-column-gap-default\">\n\t\t\t\t\t<div class=\"elementor-column elementor-col-100 elementor-top-column elementor-element elementor-element-69d7520\" data-id=\"69d7520\" data-element_type=\"column\" data-e-type=\"column\">\n\t\t\t<div class=\"elementor-widget-wrap elementor-element-populated\">\n\t\t\t\t\t\t<div class=\"elementor-element elementor-element-3bb8ce8 elementor-widget elementor-widget-text-editor\" data-id=\"3bb8ce8\" data-element_type=\"widget\" data-e-type=\"widget\" data-widget_type=\"text-editor.default\">\n\t\t\t\t<div class=\"elementor-widget-container\">\n\t\t\t\t\t\t\t\t\t<p>W naszym domu zwierz\u0105tka by\u0142y od zawsze. Najpierw stado chomik\u00f3w, rybki, gekon a p\u00f3\u017aniej pieski.<br \/>W 2013 roku po 13 latach wsp\u00f3lnego \u017cycia musieli\u015bmy po\u017cegna\u0107 ukochan\u0105 suni\u0119 rasy czarny terier rosyjski &#8211; Lunk\u0119. <br \/>Bardzo ci\u0119\u017cko my i nasze dzieciaczki prze\u017cyli\u015bmy utrat\u0119 cz\u0142onka rodziny. <br \/>Po prawie rocznej opiece nad 50-kilowym, nie w pe\u0142ni sprawnym pieskiem po wylewie trudno by\u0142o nam si\u0119 powt\u00f3rnie zdecydowa\u0107 na nast\u0119pnego terierka (nasz\u0105 ulubion\u0105 ras\u0119), jednak\u017ce nie wyobra\u017cali\u015bmy sobie domu bez zwierzaczka.<br \/>Pewnego zimowego dnia g\u0142owa domu, czyli ma\u0142\u017conek wszed\u0142 i zapyta\u0142 czy s\u0142ysza\u0142am o rasie kot\u00f3w Devon Rex. Oczywi\u015bcie zaleg\u0142am przed komputerem przeszukuj\u0105c i czytaj\u0105c informacje o owej rasie. Nied\u0142ugo potem udali\u015bmy si\u0119 na wystaw\u0119 kot\u00f3w, po czym nasza rodzina powi\u0119kszy\u0142a si\u0119 o malutkiego, dwukolorowego cz\u0142onka rodziny.<br \/>Koteczka Emi okaza\u0142a si\u0119 cudown\u0105, zgodn\u0105 z opisem rasy, ciekawsk\u0105 i \u017cywio\u0142ow\u0105 \u201ekosmitk\u0105\u201d. Z czasem zyska\u0142a tak\u017ce rud\u0105 towarzyszk\u0119 tej samej rasy Iliank\u0119, a nast\u0119pnie pozosta\u0142a w hodowli urodzona ju\u017c u nas Aura i Costa. <br \/>W ten oto spos\u00f3b nasz dom znowu zacz\u0105\u0142 t\u0119tni\u0107 pe\u0142ni\u0105 \u017cycia \ud83d\ude42<\/p><p>\u00a0<\/p><p>\u00a0<\/p>\t\t\t\t\t\t\t\t<\/div>\n\t\t\t\t<\/div>\n\t\t\t\t\t<\/div>\n\t\t<\/div>\n\t\t\t\t\t<\/div>\n\t\t<\/section>\n\t\t\t\t<\/div>\n\t\t","protected":false},"excerpt":{"rendered":"<p>O nas W naszym domu zwierz\u0105tka by\u0142y od zawsze. Najpierw stado chomik\u00f3w, rybki, gekon a p\u00f3\u017aniej pieski.W 2013 roku po 13 latach wsp\u00f3lnego \u017cycia musieli\u015bmy po\u017cegna\u0107 ukochan\u0105 suni\u0119 rasy czarny terier rosyjski &#8211; Lunk\u0119. Bardzo ci\u0119\u017cko my i nasze dzieciaczki prze\u017cyli\u015bmy utrat\u0119 cz\u0142onka rodziny. Po prawie rocznej opiece nad 50-kilowym, nie w pe\u0142ni sprawnym pieskiem [&hellip;]<\/p>\n","protected":false},"author":1,"featured_media":0,"parent":0,"menu_order":0,"comment_status":"closed","ping_status":"closed","template":"","meta":{"site-sidebar-layout":"no-sidebar","site-content-layout":"page-builder","ast-site-content-layout":"default","site-content-style":"default","site-sidebar-style":"default","ast-global-header-display":"","ast-banner-title-visibility":"","ast-main-header-display":"","ast-hfb-above-header-display":"","ast-hfb-below-header-display":"","ast-hfb-mobile-header-display":"","site-post-title":"disabled","ast-breadcrumbs-content":"","ast-featured-img":"disabled","footer-sml-layout":"","ast-disable-related-posts":"","theme-transparent-header-meta":"","adv-header-id-meta":"","stick-header-meta":"","header-above-stick-meta":"","header-main-stick-meta":"","header-below-stick-meta":"","astra-migrate-meta-layouts":"default","ast-page-background-enabled":"default","ast-page-background-meta":{"desktop":{"background-color":"var(--ast-global-color-4)","background-image":"","background-repeat":"repeat","background-position":"center center","background-size":"auto","background-attachment":"scroll","background-type":"","background-media":"","overlay-type":"","overlay-color":"","overlay-opacity":"","overlay-gradient":""},"tablet":{"background-color":"","background-image":"","background-repeat":"repeat","background-position":"center center","background-size":"auto","background-attachment":"scroll","background-type":"","background-media":"","overlay-type":"","overlay-color":"","overlay-opacity":"","overlay-gradient":""},"mobile":{"background-color":"","background-image":"","background-repeat":"repeat","background-position":"center center","background-size":"auto","background-attachment":"scroll","background-type":"","background-media":"","overlay-type":"","overlay-color":"","overlay-opacity":"","overlay-gradient":""}},"ast-content-background-meta":{"desktop":{"background-color":"var(--ast-global-color-5)","background-image":"","background-repeat":"repeat","background-position":"center center","background-size":"auto","background-attachment":"scroll","background-type":"","background-media":"","overlay-type":"","overlay-color":"","overlay-opacity":"","overlay-gradient":""},"tablet":{"background-color":"var(--ast-global-color-5)","background-image":"","background-repeat":"repeat","background-position":"center center","background-size":"auto","background-attachment":"scroll","background-type":"","background-media":"","overlay-type":"","overlay-color":"","overlay-opacity":"","overlay-gradient":""},"mobile":{"background-color":"var(--ast-global-color-5)","background-image":"","background-repeat":"repeat","background-position":"center center","background-size":"auto","background-attachment":"scroll","background-type":"","background-media":"","overlay-type":"","overlay-color":"","overlay-opacity":"","overlay-gradient":""}},"footnotes":""},"class_list":["post-190","page","type-page","status-publish","hentry"],"yoast_head":"<!-- This site is optimized with the Yoast SEO plugin v26.9 - https:\/\/yoast.com\/product\/yoast-seo-wordpress\/ -->\n<title>O Nas - Lunasworld.pl<\/title>\n<meta name=\"robots\" content=\"index, follow, max-snippet:-1, max-image-preview:large, max-video-preview:-1\" \/>\n<link rel=\"canonical\" href=\"https:\/\/lunasworld.pl\/index.php\/o-nas\/\" \/>\n<meta property=\"og:locale\" content=\"pl_PL\" \/>\n<meta property=\"og:type\" content=\"article\" \/>\n<meta property=\"og:title\" content=\"O Nas - Lunasworld.pl\" \/>\n<meta property=\"og:description\" content=\"O nas W naszym domu zwierz\u0105tka by\u0142y od zawsze. Najpierw stado chomik\u00f3w, rybki, gekon a p\u00f3\u017aniej pieski.W 2013 roku po 13 latach wsp\u00f3lnego \u017cycia musieli\u015bmy po\u017cegna\u0107 ukochan\u0105 suni\u0119 rasy czarny terier rosyjski &#8211; Lunk\u0119. Bardzo ci\u0119\u017cko my i nasze dzieciaczki prze\u017cyli\u015bmy utrat\u0119 cz\u0142onka rodziny. Po prawie rocznej opiece nad 50-kilowym, nie w pe\u0142ni sprawnym pieskiem [&hellip;]\" \/>\n<meta property=\"og:url\" content=\"https:\/\/lunasworld.pl\/index.php\/o-nas\/\" \/>\n<meta property=\"og:site_name\" content=\"Lunasworld.pl\" \/>\n<meta property=\"article:modified_time\" content=\"2023-06-13T22:47:07+00:00\" \/>\n<meta property=\"og:image\" content=\"https:\/\/lunasworld.pl\/wp-content\/uploads\/2023\/02\/gora3-1024x249.jpg\" \/>\n<meta name=\"twitter:card\" content=\"summary_large_image\" \/>\n<meta name=\"twitter:label1\" content=\"Szacowany czas czytania\" \/>\n\t<meta name=\"twitter:data1\" content=\"2 minuty\" \/>\n<script type=\"application\/ld+json\" class=\"yoast-schema-graph\">{\"@context\":\"https:\/\/schema.org\",\"@graph\":[{\"@type\":\"WebPage\",\"@id\":\"https:\/\/lunasworld.pl\/index.php\/o-nas\/\",\"url\":\"https:\/\/lunasworld.pl\/index.php\/o-nas\/\",\"name\":\"O Nas - Lunasworld.pl\",\"isPartOf\":{\"@id\":\"https:\/\/lunasworld.pl\/#website\"},\"primaryImageOfPage\":{\"@id\":\"https:\/\/lunasworld.pl\/index.php\/o-nas\/#primaryimage\"},\"image\":{\"@id\":\"https:\/\/lunasworld.pl\/index.php\/o-nas\/#primaryimage\"},\"thumbnailUrl\":\"https:\/\/lunasworld.pl\/wp-content\/uploads\/2023\/02\/gora3-1024x249.jpg\",\"datePublished\":\"2023-02-22T20:51:57+00:00\",\"dateModified\":\"2023-06-13T22:47:07+00:00\",\"breadcrumb\":{\"@id\":\"https:\/\/lunasworld.pl\/index.php\/o-nas\/#breadcrumb\"},\"inLanguage\":\"pl-PL\",\"potentialAction\":[{\"@type\":\"ReadAction\",\"target\":[\"https:\/\/lunasworld.pl\/index.php\/o-nas\/\"]}]},{\"@type\":\"ImageObject\",\"inLanguage\":\"pl-PL\",\"@id\":\"https:\/\/lunasworld.pl\/index.php\/o-nas\/#primaryimage\",\"url\":\"https:\/\/lunasworld.pl\/wp-content\/uploads\/2023\/02\/gora3.jpg\",\"contentUrl\":\"https:\/\/lunasworld.pl\/wp-content\/uploads\/2023\/02\/gora3.jpg\",\"width\":1028,\"height\":250},{\"@type\":\"BreadcrumbList\",\"@id\":\"https:\/\/lunasworld.pl\/index.php\/o-nas\/#breadcrumb\",\"itemListElement\":[{\"@type\":\"ListItem\",\"position\":1,\"name\":\"Strona g\u0142\u00f3wna\",\"item\":\"https:\/\/lunasworld.pl\/\"},{\"@type\":\"ListItem\",\"position\":2,\"name\":\"O Nas\"}]},{\"@type\":\"WebSite\",\"@id\":\"https:\/\/lunasworld.pl\/#website\",\"url\":\"https:\/\/lunasworld.pl\/\",\"name\":\"Lunasworld.pl\",\"description\":\"Hodowla kot&oacute;w rasy Devon Rex\",\"potentialAction\":[{\"@type\":\"SearchAction\",\"target\":{\"@type\":\"EntryPoint\",\"urlTemplate\":\"https:\/\/lunasworld.pl\/?s={search_term_string}\"},\"query-input\":{\"@type\":\"PropertyValueSpecification\",\"valueRequired\":true,\"valueName\":\"search_term_string\"}}],\"inLanguage\":\"pl-PL\"}]}<\/script>\n<!-- \/ Yoast SEO plugin. -->","yoast_head_json":{"title":"O Nas - Lunasworld.pl","robots":{"index":"index","follow":"follow","max-snippet":"max-snippet:-1","max-image-preview":"max-image-preview:large","max-video-preview":"max-video-preview:-1"},"canonical":"https:\/\/lunasworld.pl\/index.php\/o-nas\/","og_locale":"pl_PL","og_type":"article","og_title":"O Nas - Lunasworld.pl","og_description":"O nas W naszym domu zwierz\u0105tka by\u0142y od zawsze. Najpierw stado chomik\u00f3w, rybki, gekon a p\u00f3\u017aniej pieski.W 2013 roku po 13 latach wsp\u00f3lnego \u017cycia musieli\u015bmy po\u017cegna\u0107 ukochan\u0105 suni\u0119 rasy czarny terier rosyjski &#8211; Lunk\u0119. Bardzo ci\u0119\u017cko my i nasze dzieciaczki prze\u017cyli\u015bmy utrat\u0119 cz\u0142onka rodziny. Po prawie rocznej opiece nad 50-kilowym, nie w pe\u0142ni sprawnym pieskiem [&hellip;]","og_url":"https:\/\/lunasworld.pl\/index.php\/o-nas\/","og_site_name":"Lunasworld.pl","article_modified_time":"2023-06-13T22:47:07+00:00","og_image":[{"url":"https:\/\/lunasworld.pl\/wp-content\/uploads\/2023\/02\/gora3-1024x249.jpg","type":"","width":"","height":""}],"twitter_card":"summary_large_image","twitter_misc":{"Szacowany czas czytania":"2 minuty"},"schema":{"@context":"https:\/\/schema.org","@graph":[{"@type":"WebPage","@id":"https:\/\/lunasworld.pl\/index.php\/o-nas\/","url":"https:\/\/lunasworld.pl\/index.php\/o-nas\/","name":"O Nas - Lunasworld.pl","isPartOf":{"@id":"https:\/\/lunasworld.pl\/#website"},"primaryImageOfPage":{"@id":"https:\/\/lunasworld.pl\/index.php\/o-nas\/#primaryimage"},"image":{"@id":"https:\/\/lunasworld.pl\/index.php\/o-nas\/#primaryimage"},"thumbnailUrl":"https:\/\/lunasworld.pl\/wp-content\/uploads\/2023\/02\/gora3-1024x249.jpg","datePublished":"2023-02-22T20:51:57+00:00","dateModified":"2023-06-13T22:47:07+00:00","breadcrumb":{"@id":"https:\/\/lunasworld.pl\/index.php\/o-nas\/#breadcrumb"},"inLanguage":"pl-PL","potentialAction":[{"@type":"ReadAction","target":["https:\/\/lunasworld.pl\/index.php\/o-nas\/"]}]},{"@type":"ImageObject","inLanguage":"pl-PL","@id":"https:\/\/lunasworld.pl\/index.php\/o-nas\/#primaryimage","url":"https:\/\/lunasworld.pl\/wp-content\/uploads\/2023\/02\/gora3.jpg","contentUrl":"https:\/\/lunasworld.pl\/wp-content\/uploads\/2023\/02\/gora3.jpg","width":1028,"height":250},{"@type":"BreadcrumbList","@id":"https:\/\/lunasworld.pl\/index.php\/o-nas\/#breadcrumb","itemListElement":[{"@type":"ListItem","position":1,"name":"Strona g\u0142\u00f3wna","item":"https:\/\/lunasworld.pl\/"},{"@type":"ListItem","position":2,"name":"O Nas"}]},{"@type":"WebSite","@id":"https:\/\/lunasworld.pl\/#website","url":"https:\/\/lunasworld.pl\/","name":"Lunasworld.pl","description":"Hodowla kot&oacute;w rasy Devon Rex","potentialAction":[{"@type":"SearchAction","target":{"@type":"EntryPoint","urlTemplate":"https:\/\/lunasworld.pl\/?s={search_term_string}"},"query-input":{"@type":"PropertyValueSpecification","valueRequired":true,"valueName":"search_term_string"}}],"inLanguage":"pl-PL"}]}},"_links":{"self":[{"href":"https:\/\/lunasworld.pl\/index.php\/wp-json\/wp\/v2\/pages\/190","targetHints":{"allow":["GET"]}}],"collection":[{"href":"https:\/\/lunasworld.pl\/index.php\/wp-json\/wp\/v2\/pages"}],"about":[{"href":"https:\/\/lunasworld.pl\/index.php\/wp-json\/wp\/v2\/types\/page"}],"author":[{"embeddable":true,"href":"https:\/\/lunasworld.pl\/index.php\/wp-json\/wp\/v2\/users\/1"}],"replies":[{"embeddable":true,"href":"https:\/\/lunasworld.pl\/index.php\/wp-json\/wp\/v2\/comments?post=190"}],"version-history":[{"count":0,"href":"https:\/\/lunasworld.pl\/index.php\/wp-json\/wp\/v2\/pages\/190\/revisions"}],"wp:attachment":[{"href":"https:\/\/lunasworld.pl\/index.php\/wp-json\/wp\/v2\/media?parent=190"}],"curies":[{"name":"wp","href":"https:\/\/api.w.org\/{rel}","templated":true}]}}