{"id":192,"date":"2023-02-22T20:52:10","date_gmt":"2023-02-22T20:52:10","guid":{"rendered":"https:\/\/lunasworld.pl\/?page_id=192"},"modified":"2023-02-22T21:02:55","modified_gmt":"2023-02-22T21:02:55","slug":"o-rasie","status":"publish","type":"page","link":"https:\/\/lunasworld.pl\/index.php\/o-rasie\/","title":{"rendered":"O Rasie"},"content":{"rendered":"\t\t<div data-elementor-type=\"wp-page\" data-elementor-id=\"192\" class=\"elementor elementor-192\">\n\t\t\t\t\t\t<section class=\"elementor-section elementor-top-section elementor-element elementor-element-4d0f251 elementor-section-boxed elementor-section-height-default elementor-section-height-default\" data-id=\"4d0f251\" data-element_type=\"section\" data-e-type=\"section\">\n\t\t\t\t\t\t<div class=\"elementor-container elementor-column-gap-default\">\n\t\t\t\t\t<div class=\"elementor-column elementor-col-100 elementor-top-column elementor-element elementor-element-e8dd4fd\" data-id=\"e8dd4fd\" data-element_type=\"column\" data-e-type=\"column\">\n\t\t\t<div class=\"elementor-widget-wrap elementor-element-populated\">\n\t\t\t\t\t\t<div class=\"elementor-element elementor-element-b9cb583 elementor-widget elementor-widget-image\" data-id=\"b9cb583\" data-element_type=\"widget\" data-e-type=\"widget\" data-widget_type=\"image.default\">\n\t\t\t\t<div class=\"elementor-widget-container\">\n\t\t\t\t\t\t\t\t\t\t\t\t\t\t\t<img fetchpriority=\"high\" decoding=\"async\" width=\"1024\" height=\"249\" src=\"https:\/\/lunasworld.pl\/wp-content\/uploads\/2023\/02\/gora3-1024x249.jpg\" class=\"attachment-large size-large wp-image-69\" alt=\"\" srcset=\"https:\/\/lunasworld.pl\/wp-content\/uploads\/2023\/02\/gora3-1024x249.jpg 1024w, https:\/\/lunasworld.pl\/wp-content\/uploads\/2023\/02\/gora3-300x73.jpg 300w, https:\/\/lunasworld.pl\/wp-content\/uploads\/2023\/02\/gora3-768x187.jpg 768w, https:\/\/lunasworld.pl\/wp-content\/uploads\/2023\/02\/gora3.jpg 1028w\" sizes=\"(max-width: 1024px) 100vw, 1024px\" \/>\t\t\t\t\t\t\t\t\t\t\t\t\t\t\t<\/div>\n\t\t\t\t<\/div>\n\t\t\t\t\t<\/div>\n\t\t<\/div>\n\t\t\t\t\t<\/div>\n\t\t<\/section>\n\t\t\t\t<section class=\"elementor-section elementor-top-section elementor-element elementor-element-a2c93e7 elementor-section-boxed elementor-section-height-default elementor-section-height-default\" data-id=\"a2c93e7\" data-element_type=\"section\" data-e-type=\"section\">\n\t\t\t\t\t\t<div class=\"elementor-container elementor-column-gap-default\">\n\t\t\t\t\t<div class=\"elementor-column elementor-col-100 elementor-top-column elementor-element elementor-element-36dba4c\" data-id=\"36dba4c\" data-element_type=\"column\" data-e-type=\"column\">\n\t\t\t<div class=\"elementor-widget-wrap elementor-element-populated\">\n\t\t\t\t\t\t<div class=\"elementor-element elementor-element-a01d346 elementor-widget elementor-widget-text-editor\" data-id=\"a01d346\" data-element_type=\"widget\" data-e-type=\"widget\" data-widget_type=\"text-editor.default\">\n\t\t\t\t<div class=\"elementor-widget-container\">\n\t\t\t\t\t\t\t\t\t<p>\u00a0<\/p><p>O rasie<\/p>\t\t\t\t\t\t\t\t<\/div>\n\t\t\t\t<\/div>\n\t\t\t\t<div class=\"elementor-element elementor-element-0e45333 elementor-widget elementor-widget-spacer\" data-id=\"0e45333\" data-element_type=\"widget\" data-e-type=\"widget\" data-widget_type=\"spacer.default\">\n\t\t\t\t<div class=\"elementor-widget-container\">\n\t\t\t\t\t\t\t<div class=\"elementor-spacer\">\n\t\t\t<div class=\"elementor-spacer-inner\"><\/div>\n\t\t<\/div>\n\t\t\t\t\t\t<\/div>\n\t\t\t\t<\/div>\n\t\t\t\t\t<\/div>\n\t\t<\/div>\n\t\t\t\t\t<\/div>\n\t\t<\/section>\n\t\t\t\t<section class=\"elementor-section elementor-top-section elementor-element elementor-element-c2a4a97 elementor-section-boxed elementor-section-height-default elementor-section-height-default\" data-id=\"c2a4a97\" data-element_type=\"section\" data-e-type=\"section\">\n\t\t\t\t\t\t<div class=\"elementor-container elementor-column-gap-default\">\n\t\t\t\t\t<div class=\"elementor-column elementor-col-100 elementor-top-column elementor-element elementor-element-70bf4b8\" data-id=\"70bf4b8\" data-element_type=\"column\" data-e-type=\"column\">\n\t\t\t<div class=\"elementor-widget-wrap elementor-element-populated\">\n\t\t\t\t\t\t<div class=\"elementor-element elementor-element-0884377 elementor-widget elementor-widget-text-editor\" data-id=\"0884377\" data-element_type=\"widget\" data-e-type=\"widget\" data-widget_type=\"text-editor.default\">\n\t\t\t\t<div class=\"elementor-widget-container\">\n\t\t\t\t\t\t\t\t\t<p>Devon Rex jest ras\u0105 kot\u00f3w dosy\u0107 m\u0142od\u0105, odkryt\u0105 w 1960 roku w Buckfastleigh w hrabstwie Devon w Anglii. S\u0105 to niewielkie kotki o pofalowanym futerku, podobne do rasy kot\u00f3w CornishRex.<\/p><p>Odkrywczyni\u0105 by\u0142a pani Beryl Cox, kt\u00f3ra zobaczy\u0142a kocurka o falistej sier\u015bci na terenie nieczynnej kopalni cynku. Po jakim\u015b czasie jedna z kotek urodzi\u0142a koci\u0119ta. W miocie by\u0142 dymny kotek z k\u0119dzierzawym futerkiem &#8211; Kirlee. Wyr\u00f3s\u0142 na kocura o interesuj\u0105cym wygl\u0105dzie i psim charakterze. W miotach Kirlee i kotek domowych zdarza\u0142y si\u0119 kotki z kr\u0119conym futerkiem. Kocura skojarzono z jego w\u0142asn\u0105 k\u0119dzierzaw\u0105 c\u00f3rk\u0105 i to by\u0142 pocz\u0105tek nowej rasy Devon Rex. Od 1965 r. koty Devon Rex zacz\u0119to pokazywa\u0107 na angielskich wystawach kot\u00f3w, a w roku 1967 zosta\u0142y uznane jako odr\u0119bna rasa przez organizacj\u0119 felinologiczn\u0105 GCCF.<\/p><p>Z pocz\u0105tku uwa\u017cano, \u017ce rasy Cornish Rex i Devon Rex s\u0105 spokrewnione.<\/p><p>Pani Cox skontaktowa\u0142a si\u0119 z pani\u0105 Stirling-Webb, w\u0142a\u015bcicielk\u0105 kota Kalibunker \u2013 pierwszego Cornish Rexa. Pokry\u0142y c\u00f3rk\u0119 Kalibunkera kocurkiem Kirlee. W miocie tym urodzi\u0142y si\u0119 kotki z g\u0142adkim futerkiem. \u015awiadczy\u0142o to, \u017ce za okryw\u0119 obu ras odpowiadaj\u0105 jednak r\u00f3\u017cne geny.<\/p><p>Devon Rexy s\u0105 do\u015b\u0107 ruchliwe, ciekawskie i wsz\u0119dobylskie. Maj\u0105 weso\u0142e usposobienie. Wychodz\u0105 z za\u0142o\u017cenia \u201dnic bez nich\u201d. Uwielbiaj\u0105 si\u0119 bawi\u0107, zach\u0119caj\u0105 do wsp\u00f3lnej zabawy. S\u0105 to kotki dosy\u0107 odwa\u017cne i kontaktowe, bardzo inteligentne i szybko ucz\u0105ce si\u0119 zasad panuj\u0105cych w domu. Cz\u0119sto nazywa si\u0119 je&#8221;kosmitami&#8221; ze wzgl\u0119du na wielkie i g\u0142\u0119boko osadzone uszy, pokryte delikatnym futerkiem.<\/p><p>Bardzo przywi\u0105zuj\u0105 si\u0119 do opiekuna. Wylewnie witaj\u0105 i niestety bardzo t\u0119skni\u0105, ci\u0119\u017cko prze\u017cywaj\u0105 samotno\u015b\u0107 w domku okazuj\u0105c to wzywaj\u0105cym mia\u0142czeniem. Po prostu \u017ale znosz\u0105 samotno\u015b\u0107, wi\u0119c dobrze jest gdy maj\u0105 towarzystwo innych devonk\u00f3w lub zwierz\u0105tek. To rasa kot\u00f3w, kt\u00f3ra potrafi okazywa\u0107 emocje machaj\u0105c ogonem jak pies. Nie s\u0105 agresywne, co znakomicie wp\u0142ywa na kontakty z dzie\u0107mi.<\/p><p>Devony to jedna z mniejszych ras (waga od 2,5kg.do 5,5 kg.) o do\u015b\u0107 lekkiej, smuk\u0142ej, spr\u0119\u017cystej sylwetce. Potrafi\u0105 bardzo wysoko i daleko skaka\u0107. S\u0105 odporne na choroby. Dosy\u0107 d\u0142ugo si\u0119 rozwijaj\u0105 \u2013 do 3 lat, w tym te\u017c czasie nabieraj\u0105 ko\u0144cowego wygl\u0105du futerka.<\/p><p>G\u0142owa devon\u00f3w jest w kszta\u0142cie odw\u00f3conego tr\u00f3jk\u0105ta o szerokiej podstawie. Ko\u015bci policzkowe mocno zaznaczone, pysk kr\u00f3tki z mocn\u0105 brod\u0105 i wydatnymi poduszeczkami z w\u0105sami. Dobrze zaznaczony powinien by\u0107 stop. Oczy du\u017ce w kszta\u0142cie migda\u0142a. Uszy du\u017ce, szerokie u podstawy zaokr\u0105glone na ko\u0144cach nisko osadzone. Tu\u0142\u00f3w zwarty i muskularny z szerok\u0105 klatk\u0105 piersiow\u0105, d\u0142ugie i szczup\u0142e ko\u0144czyny, d\u0142ugi ogon pokryty mi\u0119kkim r\u00f3wnie\u017c falistym w\u0142osem. Dopuszczone s\u0105 wszystkie kolory umaszczenia.<\/p><p>Kotki te maj\u0105 nieco podwy\u017cszon\u0105 temperatur\u0119 cia\u0142a i kr\u00f3tkie futerko, dlatego s\u0105 bardziej wra\u017cliwe na wilgo\u0107 i niskie temperatury.<\/p><p>Devony w\u0142a\u015bciwie nie liniej\u0105 i prawie nie wymagaj\u0105 piel\u0119gnacji. Delikatne futerko wystarczy wyg\u0142adzi\u0107 d\u0142oni\u0105 lub przetrze\u0107 mi\u0119kk\u0105 szmatk\u0105. Nale\u017cy jednak systematycznie sprawdza\u0107 oczy i uszy oraz raz na jaki\u015b czas przycina\u0107 pazurki, co przyniesie korzy\u015bci w postaci braku \u015blad\u00f3w na ciele opiekuna oraz ograniczenia drapania mebli itp., co i tak nie zdarza si\u0119 u nich cz\u0119sto.<\/p><p>\u00a0<\/p><p>\u00a0<\/p><p>\u00a0<\/p><p>\u00a0<\/p><p>\u00a0<\/p>\t\t\t\t\t\t\t\t<\/div>\n\t\t\t\t<\/div>\n\t\t\t\t\t<\/div>\n\t\t<\/div>\n\t\t\t\t\t<\/div>\n\t\t<\/section>\n\t\t\t\t<\/div>\n\t\t","protected":false},"excerpt":{"rendered":"<p>\u00a0 O rasie Devon Rex jest ras\u0105 kot\u00f3w dosy\u0107 m\u0142od\u0105, odkryt\u0105 w 1960 roku w Buckfastleigh w hrabstwie Devon w Anglii. S\u0105 to niewielkie kotki o pofalowanym futerku, podobne do rasy kot\u00f3w CornishRex. Odkrywczyni\u0105 by\u0142a pani Beryl Cox, kt\u00f3ra zobaczy\u0142a kocurka o falistej sier\u015bci na terenie nieczynnej kopalni cynku. Po jakim\u015b czasie jedna z kotek [&hellip;]<\/p>\n","protected":false},"author":1,"featured_media":0,"parent":0,"menu_order":0,"comment_status":"closed","ping_status":"closed","template":"","meta":{"site-sidebar-layout":"no-sidebar","site-content-layout":"page-builder","ast-site-content-layout":"default","site-content-style":"default","site-sidebar-style":"default","ast-global-header-display":"","ast-banner-title-visibility":"","ast-main-header-display":"","ast-hfb-above-header-display":"","ast-hfb-below-header-display":"","ast-hfb-mobile-header-display":"","site-post-title":"disabled","ast-breadcrumbs-content":"","ast-featured-img":"disabled","footer-sml-layout":"","ast-disable-related-posts":"","theme-transparent-header-meta":"","adv-header-id-meta":"","stick-header-meta":"","header-above-stick-meta":"","header-main-stick-meta":"","header-below-stick-meta":"","astra-migrate-meta-layouts":"default","ast-page-background-enabled":"default","ast-page-background-meta":{"desktop":{"background-color":"var(--ast-global-color-4)","background-image":"","background-repeat":"repeat","background-position":"center center","background-size":"auto","background-attachment":"scroll","background-type":"","background-media":"","overlay-type":"","overlay-color":"","overlay-opacity":"","overlay-gradient":""},"tablet":{"background-color":"","background-image":"","background-repeat":"repeat","background-position":"center center","background-size":"auto","background-attachment":"scroll","background-type":"","background-media":"","overlay-type":"","overlay-color":"","overlay-opacity":"","overlay-gradient":""},"mobile":{"background-color":"","background-image":"","background-repeat":"repeat","background-position":"center center","background-size":"auto","background-attachment":"scroll","background-type":"","background-media":"","overlay-type":"","overlay-color":"","overlay-opacity":"","overlay-gradient":""}},"ast-content-background-meta":{"desktop":{"background-color":"var(--ast-global-color-5)","background-image":"","background-repeat":"repeat","background-position":"center center","background-size":"auto","background-attachment":"scroll","background-type":"","background-media":"","overlay-type":"","overlay-color":"","overlay-opacity":"","overlay-gradient":""},"tablet":{"background-color":"var(--ast-global-color-5)","background-image":"","background-repeat":"repeat","background-position":"center center","background-size":"auto","background-attachment":"scroll","background-type":"","background-media":"","overlay-type":"","overlay-color":"","overlay-opacity":"","overlay-gradient":""},"mobile":{"background-color":"var(--ast-global-color-5)","background-image":"","background-repeat":"repeat","background-position":"center center","background-size":"auto","background-attachment":"scroll","background-type":"","background-media":"","overlay-type":"","overlay-color":"","overlay-opacity":"","overlay-gradient":""}},"footnotes":""},"class_list":["post-192","page","type-page","status-publish","hentry"],"yoast_head":"<!-- This site is optimized with the Yoast SEO plugin v26.9 - https:\/\/yoast.com\/product\/yoast-seo-wordpress\/ -->\n<title>O Rasie - Lunasworld.pl<\/title>\n<meta name=\"robots\" content=\"index, follow, max-snippet:-1, max-image-preview:large, max-video-preview:-1\" \/>\n<link rel=\"canonical\" href=\"https:\/\/lunasworld.pl\/index.php\/o-rasie\/\" \/>\n<meta property=\"og:locale\" content=\"pl_PL\" \/>\n<meta property=\"og:type\" content=\"article\" \/>\n<meta property=\"og:title\" content=\"O Rasie - Lunasworld.pl\" \/>\n<meta property=\"og:description\" content=\"\u00a0 O rasie Devon Rex jest ras\u0105 kot\u00f3w dosy\u0107 m\u0142od\u0105, odkryt\u0105 w 1960 roku w Buckfastleigh w hrabstwie Devon w Anglii. S\u0105 to niewielkie kotki o pofalowanym futerku, podobne do rasy kot\u00f3w CornishRex. Odkrywczyni\u0105 by\u0142a pani Beryl Cox, kt\u00f3ra zobaczy\u0142a kocurka o falistej sier\u015bci na terenie nieczynnej kopalni cynku. Po jakim\u015b czasie jedna z kotek [&hellip;]\" \/>\n<meta property=\"og:url\" content=\"https:\/\/lunasworld.pl\/index.php\/o-rasie\/\" \/>\n<meta property=\"og:site_name\" content=\"Lunasworld.pl\" \/>\n<meta property=\"article:modified_time\" content=\"2023-02-22T21:02:55+00:00\" \/>\n<meta property=\"og:image\" content=\"https:\/\/lunasworld.pl\/wp-content\/uploads\/2023\/02\/gora3-1024x249.jpg\" \/>\n<meta name=\"twitter:card\" content=\"summary_large_image\" \/>\n<meta name=\"twitter:label1\" content=\"Szacowany czas czytania\" \/>\n\t<meta name=\"twitter:data1\" content=\"4 minuty\" \/>\n<script type=\"application\/ld+json\" class=\"yoast-schema-graph\">{\"@context\":\"https:\/\/schema.org\",\"@graph\":[{\"@type\":\"WebPage\",\"@id\":\"https:\/\/lunasworld.pl\/index.php\/o-rasie\/\",\"url\":\"https:\/\/lunasworld.pl\/index.php\/o-rasie\/\",\"name\":\"O Rasie - Lunasworld.pl\",\"isPartOf\":{\"@id\":\"https:\/\/lunasworld.pl\/#website\"},\"primaryImageOfPage\":{\"@id\":\"https:\/\/lunasworld.pl\/index.php\/o-rasie\/#primaryimage\"},\"image\":{\"@id\":\"https:\/\/lunasworld.pl\/index.php\/o-rasie\/#primaryimage\"},\"thumbnailUrl\":\"https:\/\/lunasworld.pl\/wp-content\/uploads\/2023\/02\/gora3-1024x249.jpg\",\"datePublished\":\"2023-02-22T20:52:10+00:00\",\"dateModified\":\"2023-02-22T21:02:55+00:00\",\"breadcrumb\":{\"@id\":\"https:\/\/lunasworld.pl\/index.php\/o-rasie\/#breadcrumb\"},\"inLanguage\":\"pl-PL\",\"potentialAction\":[{\"@type\":\"ReadAction\",\"target\":[\"https:\/\/lunasworld.pl\/index.php\/o-rasie\/\"]}]},{\"@type\":\"ImageObject\",\"inLanguage\":\"pl-PL\",\"@id\":\"https:\/\/lunasworld.pl\/index.php\/o-rasie\/#primaryimage\",\"url\":\"https:\/\/lunasworld.pl\/wp-content\/uploads\/2023\/02\/gora3.jpg\",\"contentUrl\":\"https:\/\/lunasworld.pl\/wp-content\/uploads\/2023\/02\/gora3.jpg\",\"width\":1028,\"height\":250},{\"@type\":\"BreadcrumbList\",\"@id\":\"https:\/\/lunasworld.pl\/index.php\/o-rasie\/#breadcrumb\",\"itemListElement\":[{\"@type\":\"ListItem\",\"position\":1,\"name\":\"Strona g\u0142\u00f3wna\",\"item\":\"https:\/\/lunasworld.pl\/\"},{\"@type\":\"ListItem\",\"position\":2,\"name\":\"O Rasie\"}]},{\"@type\":\"WebSite\",\"@id\":\"https:\/\/lunasworld.pl\/#website\",\"url\":\"https:\/\/lunasworld.pl\/\",\"name\":\"Lunasworld.pl\",\"description\":\"Hodowla kot&oacute;w rasy Devon Rex\",\"potentialAction\":[{\"@type\":\"SearchAction\",\"target\":{\"@type\":\"EntryPoint\",\"urlTemplate\":\"https:\/\/lunasworld.pl\/?s={search_term_string}\"},\"query-input\":{\"@type\":\"PropertyValueSpecification\",\"valueRequired\":true,\"valueName\":\"search_term_string\"}}],\"inLanguage\":\"pl-PL\"}]}<\/script>\n<!-- \/ Yoast SEO plugin. -->","yoast_head_json":{"title":"O Rasie - Lunasworld.pl","robots":{"index":"index","follow":"follow","max-snippet":"max-snippet:-1","max-image-preview":"max-image-preview:large","max-video-preview":"max-video-preview:-1"},"canonical":"https:\/\/lunasworld.pl\/index.php\/o-rasie\/","og_locale":"pl_PL","og_type":"article","og_title":"O Rasie - Lunasworld.pl","og_description":"\u00a0 O rasie Devon Rex jest ras\u0105 kot\u00f3w dosy\u0107 m\u0142od\u0105, odkryt\u0105 w 1960 roku w Buckfastleigh w hrabstwie Devon w Anglii. S\u0105 to niewielkie kotki o pofalowanym futerku, podobne do rasy kot\u00f3w CornishRex. Odkrywczyni\u0105 by\u0142a pani Beryl Cox, kt\u00f3ra zobaczy\u0142a kocurka o falistej sier\u015bci na terenie nieczynnej kopalni cynku. Po jakim\u015b czasie jedna z kotek [&hellip;]","og_url":"https:\/\/lunasworld.pl\/index.php\/o-rasie\/","og_site_name":"Lunasworld.pl","article_modified_time":"2023-02-22T21:02:55+00:00","og_image":[{"url":"https:\/\/lunasworld.pl\/wp-content\/uploads\/2023\/02\/gora3-1024x249.jpg","type":"","width":"","height":""}],"twitter_card":"summary_large_image","twitter_misc":{"Szacowany czas czytania":"4 minuty"},"schema":{"@context":"https:\/\/schema.org","@graph":[{"@type":"WebPage","@id":"https:\/\/lunasworld.pl\/index.php\/o-rasie\/","url":"https:\/\/lunasworld.pl\/index.php\/o-rasie\/","name":"O Rasie - Lunasworld.pl","isPartOf":{"@id":"https:\/\/lunasworld.pl\/#website"},"primaryImageOfPage":{"@id":"https:\/\/lunasworld.pl\/index.php\/o-rasie\/#primaryimage"},"image":{"@id":"https:\/\/lunasworld.pl\/index.php\/o-rasie\/#primaryimage"},"thumbnailUrl":"https:\/\/lunasworld.pl\/wp-content\/uploads\/2023\/02\/gora3-1024x249.jpg","datePublished":"2023-02-22T20:52:10+00:00","dateModified":"2023-02-22T21:02:55+00:00","breadcrumb":{"@id":"https:\/\/lunasworld.pl\/index.php\/o-rasie\/#breadcrumb"},"inLanguage":"pl-PL","potentialAction":[{"@type":"ReadAction","target":["https:\/\/lunasworld.pl\/index.php\/o-rasie\/"]}]},{"@type":"ImageObject","inLanguage":"pl-PL","@id":"https:\/\/lunasworld.pl\/index.php\/o-rasie\/#primaryimage","url":"https:\/\/lunasworld.pl\/wp-content\/uploads\/2023\/02\/gora3.jpg","contentUrl":"https:\/\/lunasworld.pl\/wp-content\/uploads\/2023\/02\/gora3.jpg","width":1028,"height":250},{"@type":"BreadcrumbList","@id":"https:\/\/lunasworld.pl\/index.php\/o-rasie\/#breadcrumb","itemListElement":[{"@type":"ListItem","position":1,"name":"Strona g\u0142\u00f3wna","item":"https:\/\/lunasworld.pl\/"},{"@type":"ListItem","position":2,"name":"O Rasie"}]},{"@type":"WebSite","@id":"https:\/\/lunasworld.pl\/#website","url":"https:\/\/lunasworld.pl\/","name":"Lunasworld.pl","description":"Hodowla kot&oacute;w rasy Devon Rex","potentialAction":[{"@type":"SearchAction","target":{"@type":"EntryPoint","urlTemplate":"https:\/\/lunasworld.pl\/?s={search_term_string}"},"query-input":{"@type":"PropertyValueSpecification","valueRequired":true,"valueName":"search_term_string"}}],"inLanguage":"pl-PL"}]}},"_links":{"self":[{"href":"https:\/\/lunasworld.pl\/index.php\/wp-json\/wp\/v2\/pages\/192","targetHints":{"allow":["GET"]}}],"collection":[{"href":"https:\/\/lunasworld.pl\/index.php\/wp-json\/wp\/v2\/pages"}],"about":[{"href":"https:\/\/lunasworld.pl\/index.php\/wp-json\/wp\/v2\/types\/page"}],"author":[{"embeddable":true,"href":"https:\/\/lunasworld.pl\/index.php\/wp-json\/wp\/v2\/users\/1"}],"replies":[{"embeddable":true,"href":"https:\/\/lunasworld.pl\/index.php\/wp-json\/wp\/v2\/comments?post=192"}],"version-history":[{"count":0,"href":"https:\/\/lunasworld.pl\/index.php\/wp-json\/wp\/v2\/pages\/192\/revisions"}],"wp:attachment":[{"href":"https:\/\/lunasworld.pl\/index.php\/wp-json\/wp\/v2\/media?parent=192"}],"curies":[{"name":"wp","href":"https:\/\/api.w.org\/{rel}","templated":true}]}}