{"id":194,"date":"2023-02-22T20:52:25","date_gmt":"2023-02-22T20:52:25","guid":{"rendered":"https:\/\/lunasworld.pl\/?page_id=194"},"modified":"2023-02-22T21:04:07","modified_gmt":"2023-02-22T21:04:07","slug":"umaszczenia-kotow","status":"publish","type":"page","link":"https:\/\/lunasworld.pl\/index.php\/umaszczenia-kotow\/","title":{"rendered":"Umaszczenia kot\u00f3w"},"content":{"rendered":"\t\t<div data-elementor-type=\"wp-page\" data-elementor-id=\"194\" class=\"elementor elementor-194\">\n\t\t\t\t\t\t<section class=\"elementor-section elementor-top-section elementor-element elementor-element-64e6faa elementor-section-boxed elementor-section-height-default elementor-section-height-default\" data-id=\"64e6faa\" data-element_type=\"section\" data-e-type=\"section\">\n\t\t\t\t\t\t<div class=\"elementor-container elementor-column-gap-default\">\n\t\t\t\t\t<div class=\"elementor-column elementor-col-100 elementor-top-column elementor-element elementor-element-4386ae3\" data-id=\"4386ae3\" data-element_type=\"column\" data-e-type=\"column\">\n\t\t\t<div class=\"elementor-widget-wrap elementor-element-populated\">\n\t\t\t\t\t\t<div class=\"elementor-element elementor-element-66c92a8 elementor-widget elementor-widget-image\" data-id=\"66c92a8\" data-element_type=\"widget\" data-e-type=\"widget\" data-widget_type=\"image.default\">\n\t\t\t\t<div class=\"elementor-widget-container\">\n\t\t\t\t\t\t\t\t\t\t\t\t\t\t\t<img fetchpriority=\"high\" decoding=\"async\" width=\"1024\" height=\"249\" src=\"https:\/\/lunasworld.pl\/wp-content\/uploads\/2023\/02\/gora3-1024x249.jpg\" class=\"attachment-large size-large wp-image-69\" alt=\"\" srcset=\"https:\/\/lunasworld.pl\/wp-content\/uploads\/2023\/02\/gora3-1024x249.jpg 1024w, https:\/\/lunasworld.pl\/wp-content\/uploads\/2023\/02\/gora3-300x73.jpg 300w, https:\/\/lunasworld.pl\/wp-content\/uploads\/2023\/02\/gora3-768x187.jpg 768w, https:\/\/lunasworld.pl\/wp-content\/uploads\/2023\/02\/gora3.jpg 1028w\" sizes=\"(max-width: 1024px) 100vw, 1024px\" \/>\t\t\t\t\t\t\t\t\t\t\t\t\t\t\t<\/div>\n\t\t\t\t<\/div>\n\t\t\t\t\t<\/div>\n\t\t<\/div>\n\t\t\t\t\t<\/div>\n\t\t<\/section>\n\t\t\t\t<section class=\"elementor-section elementor-top-section elementor-element elementor-element-287a738 elementor-section-boxed elementor-section-height-default elementor-section-height-default\" data-id=\"287a738\" data-element_type=\"section\" data-e-type=\"section\">\n\t\t\t\t\t\t<div class=\"elementor-container elementor-column-gap-default\">\n\t\t\t\t\t<div class=\"elementor-column elementor-col-100 elementor-top-column elementor-element elementor-element-0230eb7\" data-id=\"0230eb7\" data-element_type=\"column\" data-e-type=\"column\">\n\t\t\t<div class=\"elementor-widget-wrap\">\n\t\t\t\t\t\t\t<\/div>\n\t\t<\/div>\n\t\t\t\t\t<\/div>\n\t\t<\/section>\n\t\t\t\t<section class=\"elementor-section elementor-top-section elementor-element elementor-element-abd7847 elementor-section-boxed elementor-section-height-default elementor-section-height-default\" data-id=\"abd7847\" data-element_type=\"section\" data-e-type=\"section\">\n\t\t\t\t\t\t<div class=\"elementor-container elementor-column-gap-default\">\n\t\t\t\t\t<div class=\"elementor-column elementor-col-100 elementor-top-column elementor-element elementor-element-1bec5e4\" data-id=\"1bec5e4\" data-element_type=\"column\" data-e-type=\"column\">\n\t\t\t<div class=\"elementor-widget-wrap elementor-element-populated\">\n\t\t\t\t\t\t<div class=\"elementor-element elementor-element-b546620 elementor-widget elementor-widget-text-editor\" data-id=\"b546620\" data-element_type=\"widget\" data-e-type=\"widget\" data-widget_type=\"text-editor.default\">\n\t\t\t\t<div class=\"elementor-widget-container\">\n\t\t\t\t\t\t\t\t\t<p>\u00a0<\/p><p><strong><em>UMASZCZENIA<\/em><\/strong><\/p>\t\t\t\t\t\t\t\t<\/div>\n\t\t\t\t<\/div>\n\t\t\t\t\t<\/div>\n\t\t<\/div>\n\t\t\t\t\t<\/div>\n\t\t<\/section>\n\t\t\t\t<section class=\"elementor-section elementor-top-section elementor-element elementor-element-1e0d5b6 elementor-section-boxed elementor-section-height-default elementor-section-height-default\" data-id=\"1e0d5b6\" data-element_type=\"section\" data-e-type=\"section\">\n\t\t\t\t\t\t<div class=\"elementor-container elementor-column-gap-default\">\n\t\t\t\t\t<div class=\"elementor-column elementor-col-100 elementor-top-column elementor-element elementor-element-fbc7d1f\" data-id=\"fbc7d1f\" data-element_type=\"column\" data-e-type=\"column\">\n\t\t\t<div class=\"elementor-widget-wrap elementor-element-populated\">\n\t\t\t\t\t\t<div class=\"elementor-element elementor-element-2214f58 elementor-widget elementor-widget-text-editor\" data-id=\"2214f58\" data-element_type=\"widget\" data-e-type=\"widget\" data-widget_type=\"text-editor.default\">\n\t\t\t\t<div class=\"elementor-widget-container\">\n\t\t\t\t\t\t\t\t\t<p><strong><em><u>KOLORY :<\/u><\/em><\/strong><\/p><p><em>a\u00a0\u2013 niebieski \/ blue<\/em><br \/><em>b\u00a0\u2013 czekoladowy \/ chocolate<\/em><br \/><em>c\u00a0\u2013 liliowy \/ lilac<\/em><br \/><em>d\u00a0\u2013 rudy \/ red<\/em><br \/><em>e\u00a0\u2013 kremowy \/ cream<\/em><br \/><em>f\u00a0\u2013 czarny szylkret \/\u00a0 black tortoiseshell<\/em><br \/><em>g\u00a0\u2013 niebieski szylkret \/ blue tortoiseshell<\/em><br \/><em>h\u00a0\u2013 czekoladowy szylkret \/ chocolate tortoiseshell<\/em><br \/><em>j\u00a0\u2013 liliowy szylkret \/ lilac tortoiseshell<\/em><\/p><p><em>n\u00a0\u2013 czarny \/ black<\/em><\/p><p><em>o\u00a0\u2013 cynamonowy \/ sorrel (cinnamon)<\/em><br \/><em>p\u00a0\u2013 p\u0142owy \/ fawn<\/em><br \/><em>q\u00a0\u2013 cynamonowy szylkret \/ cinnamon tortoiseshell<\/em><br \/><em>r\u00a0\u2013 p\u0142owy szylkret \/ fawn tortoiseshell<\/em><br \/><em>s\u00a0\u2013 srebrny, dymny \/ silver<\/em><\/p><p><em>w\u00a0\u2013 bia\u0142y \/ white<\/em><br \/><em>x\u00a0\u2013 nieuznane barwy \/ non-recognized colours<\/em><\/p><p><em>y\u00a0\u2013 z\u0142oty \/ golden<\/em><br \/><br \/><\/p><p><em><u>\u00a0<\/u><\/em><\/p><p><strong><em><u>WZORY NA FUTRZE:<\/u><\/em><\/strong><\/p><p>\u00a0<\/p><p><strong><em>STOPIE\u0143 ILO\u015aCI BIELI<\/em><\/strong><\/p><p><em>01\u00a0\u2013 van<\/em><br \/><em>02\u00a0\u2013 arlekin <\/em><br \/><em>03\u00a0\u2013 dwukolorowy <\/em><br \/><em>04\u00a0\u2013 r\u0119kawiczki na \u0142apkach<\/em><br \/><em>09\u00a0\u2013 nieokre\u015blona ilo\u015b\u0107 bia\u0142ego<\/em><\/p><p>\u00a0<\/p><p><strong><em>PR\u0118GOWANIA<\/em><\/strong><\/p><p><em>21\u00a0\u2013 nieokre\u015blony wz\u00f3r pr\u0119gowania <\/em><br \/><em>22\u00a0\u2013 klasyczny <\/em><br \/><em>23\u00a0\u2013 tygrysi <\/em><br \/><em>24\u00a0\u2013 c\u0119tkowany <\/em><br \/><em>25\u00a0\u2013 pr\u0105\u017cki kolorystyczne na ka\u017cdym w\u0142osie<\/em><\/p><p>\u00a0<\/p><p><strong><em>POINT<\/em><\/strong><\/p><p><em>31\u00a0\u2013 znaczenia burmskie <\/em><br \/><em>32\u00a0\u2013 znaczenia tonkijskie <\/em><br \/><em>33\u00a0\u2013 znaczenia syjamskie<\/em><\/p><p><strong><em>ZABARWIENIE W\u0141OSA<\/em><\/strong><\/p><p><em>11\u00a0\u2013 cieniowany<\/em><br \/><em>12\u00a0\u2013 szynszylowy<\/em><\/p>\t\t\t\t\t\t\t\t<\/div>\n\t\t\t\t<\/div>\n\t\t\t\t\t<\/div>\n\t\t<\/div>\n\t\t\t\t\t<\/div>\n\t\t<\/section>\n\t\t\t\t<\/div>\n\t\t","protected":false},"excerpt":{"rendered":"<p>\u00a0 UMASZCZENIA KOLORY : a\u00a0\u2013 niebieski \/ blueb\u00a0\u2013 czekoladowy \/ chocolatec\u00a0\u2013 liliowy \/ lilacd\u00a0\u2013 rudy \/ rede\u00a0\u2013 kremowy \/ creamf\u00a0\u2013 czarny szylkret \/\u00a0 black tortoiseshellg\u00a0\u2013 niebieski szylkret \/ blue tortoiseshellh\u00a0\u2013 czekoladowy szylkret \/ chocolate tortoiseshellj\u00a0\u2013 liliowy szylkret \/ lilac tortoiseshell n\u00a0\u2013 czarny \/ black o\u00a0\u2013 cynamonowy \/ sorrel (cinnamon)p\u00a0\u2013 p\u0142owy \/ fawnq\u00a0\u2013 cynamonowy szylkret \/ [&hellip;]<\/p>\n","protected":false},"author":1,"featured_media":0,"parent":0,"menu_order":0,"comment_status":"closed","ping_status":"closed","template":"","meta":{"site-sidebar-layout":"no-sidebar","site-content-layout":"page-builder","ast-site-content-layout":"default","site-content-style":"default","site-sidebar-style":"default","ast-global-header-display":"","ast-banner-title-visibility":"","ast-main-header-display":"","ast-hfb-above-header-display":"","ast-hfb-below-header-display":"","ast-hfb-mobile-header-display":"","site-post-title":"disabled","ast-breadcrumbs-content":"","ast-featured-img":"disabled","footer-sml-layout":"","ast-disable-related-posts":"","theme-transparent-header-meta":"","adv-header-id-meta":"","stick-header-meta":"","header-above-stick-meta":"","header-main-stick-meta":"","header-below-stick-meta":"","astra-migrate-meta-layouts":"default","ast-page-background-enabled":"default","ast-page-background-meta":{"desktop":{"background-color":"var(--ast-global-color-4)","background-image":"","background-repeat":"repeat","background-position":"center center","background-size":"auto","background-attachment":"scroll","background-type":"","background-media":"","overlay-type":"","overlay-color":"","overlay-opacity":"","overlay-gradient":""},"tablet":{"background-color":"","background-image":"","background-repeat":"repeat","background-position":"center center","background-size":"auto","background-attachment":"scroll","background-type":"","background-media":"","overlay-type":"","overlay-color":"","overlay-opacity":"","overlay-gradient":""},"mobile":{"background-color":"","background-image":"","background-repeat":"repeat","background-position":"center center","background-size":"auto","background-attachment":"scroll","background-type":"","background-media":"","overlay-type":"","overlay-color":"","overlay-opacity":"","overlay-gradient":""}},"ast-content-background-meta":{"desktop":{"background-color":"var(--ast-global-color-5)","background-image":"","background-repeat":"repeat","background-position":"center center","background-size":"auto","background-attachment":"scroll","background-type":"","background-media":"","overlay-type":"","overlay-color":"","overlay-opacity":"","overlay-gradient":""},"tablet":{"background-color":"var(--ast-global-color-5)","background-image":"","background-repeat":"repeat","background-position":"center center","background-size":"auto","background-attachment":"scroll","background-type":"","background-media":"","overlay-type":"","overlay-color":"","overlay-opacity":"","overlay-gradient":""},"mobile":{"background-color":"var(--ast-global-color-5)","background-image":"","background-repeat":"repeat","background-position":"center center","background-size":"auto","background-attachment":"scroll","background-type":"","background-media":"","overlay-type":"","overlay-color":"","overlay-opacity":"","overlay-gradient":""}},"footnotes":""},"class_list":["post-194","page","type-page","status-publish","hentry"],"yoast_head":"<!-- This site is optimized with the Yoast SEO plugin v26.9 - https:\/\/yoast.com\/product\/yoast-seo-wordpress\/ -->\n<title>Umaszczenia kot\u00f3w - Lunasworld.pl<\/title>\n<meta name=\"robots\" content=\"index, follow, max-snippet:-1, max-image-preview:large, max-video-preview:-1\" \/>\n<link rel=\"canonical\" href=\"https:\/\/lunasworld.pl\/index.php\/umaszczenia-kotow\/\" \/>\n<meta property=\"og:locale\" content=\"pl_PL\" \/>\n<meta property=\"og:type\" content=\"article\" \/>\n<meta property=\"og:title\" content=\"Umaszczenia kot\u00f3w - Lunasworld.pl\" \/>\n<meta property=\"og:description\" content=\"\u00a0 UMASZCZENIA KOLORY : a\u00a0\u2013 niebieski \/ blueb\u00a0\u2013 czekoladowy \/ chocolatec\u00a0\u2013 liliowy \/ lilacd\u00a0\u2013 rudy \/ rede\u00a0\u2013 kremowy \/ creamf\u00a0\u2013 czarny szylkret \/\u00a0 black tortoiseshellg\u00a0\u2013 niebieski szylkret \/ blue tortoiseshellh\u00a0\u2013 czekoladowy szylkret \/ chocolate tortoiseshellj\u00a0\u2013 liliowy szylkret \/ lilac tortoiseshell n\u00a0\u2013 czarny \/ black o\u00a0\u2013 cynamonowy \/ sorrel (cinnamon)p\u00a0\u2013 p\u0142owy \/ fawnq\u00a0\u2013 cynamonowy szylkret \/ [&hellip;]\" \/>\n<meta property=\"og:url\" content=\"https:\/\/lunasworld.pl\/index.php\/umaszczenia-kotow\/\" \/>\n<meta property=\"og:site_name\" content=\"Lunasworld.pl\" \/>\n<meta property=\"article:modified_time\" content=\"2023-02-22T21:04:07+00:00\" \/>\n<meta property=\"og:image\" content=\"https:\/\/lunasworld.pl\/wp-content\/uploads\/2023\/02\/gora3-1024x249.jpg\" \/>\n<meta name=\"twitter:card\" content=\"summary_large_image\" \/>\n<meta name=\"twitter:label1\" content=\"Szacowany czas czytania\" \/>\n\t<meta name=\"twitter:data1\" content=\"2 minuty\" \/>\n<script type=\"application\/ld+json\" class=\"yoast-schema-graph\">{\"@context\":\"https:\/\/schema.org\",\"@graph\":[{\"@type\":\"WebPage\",\"@id\":\"https:\/\/lunasworld.pl\/index.php\/umaszczenia-kotow\/\",\"url\":\"https:\/\/lunasworld.pl\/index.php\/umaszczenia-kotow\/\",\"name\":\"Umaszczenia kot\u00f3w - Lunasworld.pl\",\"isPartOf\":{\"@id\":\"https:\/\/lunasworld.pl\/#website\"},\"primaryImageOfPage\":{\"@id\":\"https:\/\/lunasworld.pl\/index.php\/umaszczenia-kotow\/#primaryimage\"},\"image\":{\"@id\":\"https:\/\/lunasworld.pl\/index.php\/umaszczenia-kotow\/#primaryimage\"},\"thumbnailUrl\":\"https:\/\/lunasworld.pl\/wp-content\/uploads\/2023\/02\/gora3-1024x249.jpg\",\"datePublished\":\"2023-02-22T20:52:25+00:00\",\"dateModified\":\"2023-02-22T21:04:07+00:00\",\"breadcrumb\":{\"@id\":\"https:\/\/lunasworld.pl\/index.php\/umaszczenia-kotow\/#breadcrumb\"},\"inLanguage\":\"pl-PL\",\"potentialAction\":[{\"@type\":\"ReadAction\",\"target\":[\"https:\/\/lunasworld.pl\/index.php\/umaszczenia-kotow\/\"]}]},{\"@type\":\"ImageObject\",\"inLanguage\":\"pl-PL\",\"@id\":\"https:\/\/lunasworld.pl\/index.php\/umaszczenia-kotow\/#primaryimage\",\"url\":\"https:\/\/lunasworld.pl\/wp-content\/uploads\/2023\/02\/gora3.jpg\",\"contentUrl\":\"https:\/\/lunasworld.pl\/wp-content\/uploads\/2023\/02\/gora3.jpg\",\"width\":1028,\"height\":250},{\"@type\":\"BreadcrumbList\",\"@id\":\"https:\/\/lunasworld.pl\/index.php\/umaszczenia-kotow\/#breadcrumb\",\"itemListElement\":[{\"@type\":\"ListItem\",\"position\":1,\"name\":\"Strona g\u0142\u00f3wna\",\"item\":\"https:\/\/lunasworld.pl\/\"},{\"@type\":\"ListItem\",\"position\":2,\"name\":\"Umaszczenia kot\u00f3w\"}]},{\"@type\":\"WebSite\",\"@id\":\"https:\/\/lunasworld.pl\/#website\",\"url\":\"https:\/\/lunasworld.pl\/\",\"name\":\"Lunasworld.pl\",\"description\":\"Hodowla kot&oacute;w rasy Devon Rex\",\"potentialAction\":[{\"@type\":\"SearchAction\",\"target\":{\"@type\":\"EntryPoint\",\"urlTemplate\":\"https:\/\/lunasworld.pl\/?s={search_term_string}\"},\"query-input\":{\"@type\":\"PropertyValueSpecification\",\"valueRequired\":true,\"valueName\":\"search_term_string\"}}],\"inLanguage\":\"pl-PL\"}]}<\/script>\n<!-- \/ Yoast SEO plugin. -->","yoast_head_json":{"title":"Umaszczenia kot\u00f3w - Lunasworld.pl","robots":{"index":"index","follow":"follow","max-snippet":"max-snippet:-1","max-image-preview":"max-image-preview:large","max-video-preview":"max-video-preview:-1"},"canonical":"https:\/\/lunasworld.pl\/index.php\/umaszczenia-kotow\/","og_locale":"pl_PL","og_type":"article","og_title":"Umaszczenia kot\u00f3w - Lunasworld.pl","og_description":"\u00a0 UMASZCZENIA KOLORY : a\u00a0\u2013 niebieski \/ blueb\u00a0\u2013 czekoladowy \/ chocolatec\u00a0\u2013 liliowy \/ lilacd\u00a0\u2013 rudy \/ rede\u00a0\u2013 kremowy \/ creamf\u00a0\u2013 czarny szylkret \/\u00a0 black tortoiseshellg\u00a0\u2013 niebieski szylkret \/ blue tortoiseshellh\u00a0\u2013 czekoladowy szylkret \/ chocolate tortoiseshellj\u00a0\u2013 liliowy szylkret \/ lilac tortoiseshell n\u00a0\u2013 czarny \/ black o\u00a0\u2013 cynamonowy \/ sorrel (cinnamon)p\u00a0\u2013 p\u0142owy \/ fawnq\u00a0\u2013 cynamonowy szylkret \/ [&hellip;]","og_url":"https:\/\/lunasworld.pl\/index.php\/umaszczenia-kotow\/","og_site_name":"Lunasworld.pl","article_modified_time":"2023-02-22T21:04:07+00:00","og_image":[{"url":"https:\/\/lunasworld.pl\/wp-content\/uploads\/2023\/02\/gora3-1024x249.jpg","type":"","width":"","height":""}],"twitter_card":"summary_large_image","twitter_misc":{"Szacowany czas czytania":"2 minuty"},"schema":{"@context":"https:\/\/schema.org","@graph":[{"@type":"WebPage","@id":"https:\/\/lunasworld.pl\/index.php\/umaszczenia-kotow\/","url":"https:\/\/lunasworld.pl\/index.php\/umaszczenia-kotow\/","name":"Umaszczenia kot\u00f3w - Lunasworld.pl","isPartOf":{"@id":"https:\/\/lunasworld.pl\/#website"},"primaryImageOfPage":{"@id":"https:\/\/lunasworld.pl\/index.php\/umaszczenia-kotow\/#primaryimage"},"image":{"@id":"https:\/\/lunasworld.pl\/index.php\/umaszczenia-kotow\/#primaryimage"},"thumbnailUrl":"https:\/\/lunasworld.pl\/wp-content\/uploads\/2023\/02\/gora3-1024x249.jpg","datePublished":"2023-02-22T20:52:25+00:00","dateModified":"2023-02-22T21:04:07+00:00","breadcrumb":{"@id":"https:\/\/lunasworld.pl\/index.php\/umaszczenia-kotow\/#breadcrumb"},"inLanguage":"pl-PL","potentialAction":[{"@type":"ReadAction","target":["https:\/\/lunasworld.pl\/index.php\/umaszczenia-kotow\/"]}]},{"@type":"ImageObject","inLanguage":"pl-PL","@id":"https:\/\/lunasworld.pl\/index.php\/umaszczenia-kotow\/#primaryimage","url":"https:\/\/lunasworld.pl\/wp-content\/uploads\/2023\/02\/gora3.jpg","contentUrl":"https:\/\/lunasworld.pl\/wp-content\/uploads\/2023\/02\/gora3.jpg","width":1028,"height":250},{"@type":"BreadcrumbList","@id":"https:\/\/lunasworld.pl\/index.php\/umaszczenia-kotow\/#breadcrumb","itemListElement":[{"@type":"ListItem","position":1,"name":"Strona g\u0142\u00f3wna","item":"https:\/\/lunasworld.pl\/"},{"@type":"ListItem","position":2,"name":"Umaszczenia kot\u00f3w"}]},{"@type":"WebSite","@id":"https:\/\/lunasworld.pl\/#website","url":"https:\/\/lunasworld.pl\/","name":"Lunasworld.pl","description":"Hodowla kot&oacute;w rasy Devon Rex","potentialAction":[{"@type":"SearchAction","target":{"@type":"EntryPoint","urlTemplate":"https:\/\/lunasworld.pl\/?s={search_term_string}"},"query-input":{"@type":"PropertyValueSpecification","valueRequired":true,"valueName":"search_term_string"}}],"inLanguage":"pl-PL"}]}},"_links":{"self":[{"href":"https:\/\/lunasworld.pl\/index.php\/wp-json\/wp\/v2\/pages\/194","targetHints":{"allow":["GET"]}}],"collection":[{"href":"https:\/\/lunasworld.pl\/index.php\/wp-json\/wp\/v2\/pages"}],"about":[{"href":"https:\/\/lunasworld.pl\/index.php\/wp-json\/wp\/v2\/types\/page"}],"author":[{"embeddable":true,"href":"https:\/\/lunasworld.pl\/index.php\/wp-json\/wp\/v2\/users\/1"}],"replies":[{"embeddable":true,"href":"https:\/\/lunasworld.pl\/index.php\/wp-json\/wp\/v2\/comments?post=194"}],"version-history":[{"count":0,"href":"https:\/\/lunasworld.pl\/index.php\/wp-json\/wp\/v2\/pages\/194\/revisions"}],"wp:attachment":[{"href":"https:\/\/lunasworld.pl\/index.php\/wp-json\/wp\/v2\/media?parent=194"}],"curies":[{"name":"wp","href":"https:\/\/api.w.org\/{rel}","templated":true}]}}